{"id":2971,"date":"2017-01-30T10:13:19","date_gmt":"2017-01-30T09:13:19","guid":{"rendered":"https:\/\/www.weareathena.com\/nous-contacter\/"},"modified":"2021-02-05T06:27:11","modified_gmt":"2021-02-05T05:27:11","slug":"lien-he","status":"publish","type":"page","link":"https:\/\/www.weareathena.com\/vi\/lien-he\/","title":{"rendered":"Li\u00ean h\u1ec7"},"content":{"rendered":"<p>[vc_section css=&#8221;.vc_custom_1494233919625{background-color: #f0f2f6 !important;}&#8221;][vc_row thb_full_width=&#8221;true&#8221; css=&#8221;.vc_custom_1493959793381{padding-top: 12vh !important;padding-bottom: 12vh !important;}&#8221; el_class=&#8221;align-center&#8221;][vc_column offset=&#8221;vc_col-lg-9 vc_col-md-11&#8243; css=&#8221;.vc_custom_1612502830150{padding-right: 2% !important;padding-left: 2% !important;}&#8221; el_class=&#8221;form-contact-page&#8221;][vc_row_inner thb_max_width=&#8221;max_width&#8221; el_class=&#8221;align-center&#8221;][vc_column_inner][vc_column_text]<\/p>\n<h6 style=\"text-align: center;\"><span style=\"color: #4e59ff;\">B\u1ea0N C\u00d3 TH\u1eaeC M\u1eaeC ?<\/span><\/h6>\n<p>[\/vc_column_text][vc_column_text el_class=&#8221;text-center&#8221; css=&#8221;.vc_custom_1523255032764{padding-right: 2% !important;padding-left: 2% !important;}&#8221;]<\/p>\n<h1><span style=\"font-weight: 400;\">Ch\u00fang t\u00f4i s\u1ebd gi\u1ea3i \u0111\u00e1p th\u1eafc m\u1eafc c\u1ee7a b\u1ea1n trong v\u00f2ng 24 ti\u1ebfng, n\u1ebfu kh\u00f4ng ch\u00fang t\u00f4i s\u1ebd m\u1eddi b\u1ea1n d\u00f9ng b\u1eefa tr\u01b0a.*<\/span><\/h1>\n<h2><\/h2>\n<p>[\/vc_column_text]<div role=\"form\" class=\"wpcf7\" id=\"wpcf7-f3014-o1\" lang=\"en-US\" dir=\"ltr\">\n<div class=\"screen-reader-response\"><p role=\"status\" aria-live=\"polite\" aria-atomic=\"true\"><\/p> <ul><\/ul><\/div>\n<form action=\"\/vi\/wp-json\/wp\/v2\/pages\/2971#wpcf7-f3014-o1\" method=\"post\" class=\"wpcf7-form init\" novalidate=\"novalidate\" data-status=\"init\">\n<div style=\"display: none;\">\n<input type=\"hidden\" name=\"_wpcf7\" value=\"3014\" \/>\n<input type=\"hidden\" name=\"_wpcf7_version\" value=\"5.3.2\" \/>\n<input type=\"hidden\" name=\"_wpcf7_locale\" value=\"en_US\" \/>\n<input type=\"hidden\" name=\"_wpcf7_unit_tag\" value=\"wpcf7-f3014-o1\" \/>\n<input type=\"hidden\" name=\"_wpcf7_container_post\" value=\"0\" \/>\n<input type=\"hidden\" name=\"_wpcf7_posted_data_hash\" value=\"\" \/>\n<\/div>\n<div class=\"row\">\n<div class=\"small-12 large-6 columns\">\n<label>T\u00ean<\/label> <span class=\"wpcf7-form-control-wrap your-firstname\"><input type=\"text\" name=\"your-firstname\" value=\"\" size=\"40\" class=\"wpcf7-form-control wpcf7-text wpcf7-validates-as-required full\" aria-required=\"true\" aria-invalid=\"false\" \/><\/span>\n<\/div>\n<div class=\"small-12 large-6 columns\">\n<label>E-mail<\/label> <span class=\"wpcf7-form-control-wrap your-email\"><input type=\"text\" name=\"your-email\" value=\"\" size=\"40\" class=\"wpcf7-form-control wpcf7-text wpcf7-validates-as-required full\" aria-required=\"true\" aria-invalid=\"false\" \/><\/span>\n<\/div>\n<div class=\"small-12 columns\">\n<label>Kho\u1ea3ng kinh ph\u00ed?<\/label> <span class=\"wpcf7-form-control-wrap exclusive\"><span class=\"wpcf7-form-control wpcf7-checkbox\"><span class=\"wpcf7-list-item first\"><label><input type=\"checkbox\" name=\"exclusive[]\" value=\"Kinh ph\u00ed th\u1ea5p\" \/><span class=\"wpcf7-list-item-label\">Kinh ph\u00ed th\u1ea5p<\/span><\/label><\/span><span class=\"wpcf7-list-item\"><label><input type=\"checkbox\" name=\"exclusive[]\" value=\"$5,000 - $10,000\" \/><span class=\"wpcf7-list-item-label\">$5,000 - $10,000<\/span><\/label><\/span><span class=\"wpcf7-list-item\"><label><input type=\"checkbox\" name=\"exclusive[]\" value=\"$10,000 - $20,000\" \/><span class=\"wpcf7-list-item-label\">$10,000 - $20,000<\/span><\/label><\/span><span class=\"wpcf7-list-item last\"><label><input type=\"checkbox\" name=\"exclusive[]\" value=\"$20,000+\" \/><span class=\"wpcf7-list-item-label\">$20,000+<\/span><\/label><\/span><\/span><\/span>\n<\/div>\n<div class=\"small-12 columns\">\n<label>Th\u00f4ng \u0111i\u1ec7p<\/label> <span class=\"wpcf7-form-control-wrap your-message\"><textarea name=\"your-message\" cols=\"40\" rows=\"10\" class=\"wpcf7-form-control wpcf7-textarea full\" aria-invalid=\"false\"><\/textarea><\/span>\n<\/div>\n<\/div>\n<div class=\"row\">\n<div class=\"small-12 columns\">\n<input type=\"submit\" value=\"G\u1eedi\" class=\"wpcf7-form-control wpcf7-submit btn\" \/>\n<\/div>\n<\/div>\n<div class=\"wpcf7-response-output\" aria-hidden=\"true\"><\/div><\/form><\/div>[\/vc_column_inner][\/vc_row_inner][vc_empty_space height=&#8221;30px&#8221;][vc_row_inner][vc_column_inner width=&#8221;1\/3&#8243;]\t<div id=\"thb-iconbox-38\" class=\"thb-iconbox top type3\" href=\"\" target=\"\">\n\t\t\t\t<span class=\"thb-iconbox-bg\" style=\"background-image:url()\"><\/span>\n\t\t\t\t<figure>\n\t\t\t<svg xmlns=\"http:\/\/www.w3.org\/2000\/svg\" viewBox=\"0 0 64 64\" enable-background=\"new 0 0 64 64\"><path fill=\"none\" stroke=\"#000\" stroke-width=\"2\" stroke-miterlimit=\"10\" d=\"m32 3l-30 30h9v30h12v-16h16v16h12v-30h11z\"\/><\/svg>\t\t<\/figure>\n\t\t<div class=\"iconbox-content\">\n\t\t\t<h5>B\u1ea1n mu\u1ed1n g\u1eb7p ch\u00fang t\u00f4i ?<\/h5>\t\t\t<p>L\u00e2\u0300u 15, Chung c\u01b0 An Phu\u0301c<\/p>\n<p>2 Vu\u0303 T\u00f4ng Phan, ph\u01b0\u01a1\u0300ng An Phu\u0301<\/p>\n<p>Qu\u1eadn Binh Thanh, HCMC, Vietnam<\/p>\n\t\t<\/div>\n\t<\/div>\n\t[\/vc_column_inner][vc_column_inner width=&#8221;1\/3&#8243;]<div id='wrap_map_69f92a5a3e8c0' class='ultimate-map-wrapper ult-adjust-bottom-margin ' style=' height:290px;'><div id='map_69f92a5a3e8c0' data-map_override='0' class='ultimate_google_map wpb_content_element page_margin_top' style='width:100%;height:290px;'><\/div><\/div><script type='text\/javascript'>\r\n\t\t\t(function($) {\r\n  \t\t\t'use strict';\r\n\t\t\tvar map_map_69f92a5a3e8c0 = null;\r\n\t\t\tvar coordinate_map_69f92a5a3e8c0;\r\n\t\t\tvar isDraggable = $(document).width() > 641 ? true : true;\r\n\t\t\ttry\r\n\t\t\t{\r\n\t\t\t\tvar map_map_69f92a5a3e8c0 = null;\r\n\t\t\t\tvar coordinate_map_69f92a5a3e8c0;\r\n\t\t\t\tcoordinate_map_69f92a5a3e8c0=new google.maps.LatLng(10.799515173295404, 106.72134295105934);\r\n\t\t\t\tvar mapOptions=\r\n\t\t\t\t{\r\n\t\t\t\t\tzoom: 12,\r\n\t\t\t\t\tcenter: coordinate_map_69f92a5a3e8c0,\r\n\t\t\t\t\tscaleControl: true,\r\n\t\t\t\t\tstreetViewControl: false,\r\n\t\t\t\t\tmapTypeControl: false,\r\n\t\t\t\t\tpanControl: false,\r\n\t\t\t\t\tzoomControl: false,\r\n\t\t\t\t\tscrollwheel: true,\r\n\t\t\t\t\tdraggable: isDraggable,\r\n\t\t\t\t\tzoomControlOptions: {\r\n\t\t\t\t\t  style: google.maps.ZoomControlStyle.SMALL\r\n\t\t\t\t\t},mapTypeId: google.maps.MapTypeId.ROADMAP,};var map_map_69f92a5a3e8c0 = new google.maps.Map(document.getElementById('map_69f92a5a3e8c0'),mapOptions);\r\n\t\t\t\t\t\tvar x = 'infowindow_open_value';\r\n\t\t\t\t\t\tvar marker_map_69f92a5a3e8c0 = new google.maps.Marker({\r\n\t\t\t\t\t\tposition: new google.maps.LatLng(10.799515173295404, 106.72134295105934),\r\n\t\t\t\t\t\tanimation:  google.maps.Animation.DROP,\r\n\t\t\t\t\t\tmap: map_map_69f92a5a3e8c0,\r\n\t\t\t\t\t\ticon: ''\r\n\t\t\t\t\t});\r\n\t\t\t\t\tgoogle.maps.event.addListener(marker_map_69f92a5a3e8c0, 'click', toggleBounce);}\r\n\t\t\tcatch(e){};\r\n\t\t\tjQuery(document).ready(function($){\r\n\t\t\t\tgoogle.maps.event.trigger(map_map_69f92a5a3e8c0, 'resize');\r\n\t\t\t\t$(window).resize(function(){\r\n\t\t\t\t\tgoogle.maps.event.trigger(map_map_69f92a5a3e8c0, 'resize');\r\n\t\t\t\t\tif(map_map_69f92a5a3e8c0!=null)\r\n\t\t\t\t\t\tmap_map_69f92a5a3e8c0.setCenter(coordinate_map_69f92a5a3e8c0);\r\n\t\t\t\t});\r\n\t\t\t\t$('.ui-tabs').bind('tabsactivate', function(event, ui) {\r\n\t\t\t\t   if($(this).find('.ultimate-map-wrapper').length > 0)\r\n\t\t\t\t\t{\r\n\t\t\t\t\t\tsetTimeout(function(){\r\n\t\t\t\t\t\t\t$(window).trigger('resize');\r\n\t\t\t\t\t\t},200);\r\n\t\t\t\t\t}\r\n\t\t\t\t});\r\n\t\t\t\t$('.ui-accordion').bind('accordionactivate', function(event, ui) {\r\n\t\t\t\t   if($(this).find('.ultimate-map-wrapper').length > 0)\r\n\t\t\t\t\t{\r\n\t\t\t\t\t\tsetTimeout(function(){\r\n\t\t\t\t\t\t\t$(window).trigger('resize');\r\n\t\t\t\t\t\t},200);\r\n\t\t\t\t\t}\r\n\t\t\t\t});\r\n\t\t\t\t$(window).load(function(){\r\n\t\t\t\t\tsetTimeout(function(){\r\n\t\t\t\t\t\t$(window).trigger('resize');\r\n\t\t\t\t\t},200);\r\n\t\t\t\t});\r\n\t\t\t\t$('.ult_exp_section').select(function(){\r\n\t\t\t\t\tif($(map_map_69f92a5a3e8c0).parents('.ult_exp_section'))\r\n\t\t\t\t\t{\r\n\t\t\t\t\t\tsetTimeout(function(){\r\n\t\t\t\t\t\t\t$(window).trigger('resize');\r\n\t\t\t\t\t\t},200);\r\n\t\t\t\t\t}\r\n\t\t\t\t});\r\n\t\t\t\t$(document).on('onUVCModalPopupOpen', function(){\r\n\t\t\t\t\tif($(map_map_69f92a5a3e8c0).parents('.ult_modal-content'))\r\n\t\t\t\t\t{\r\n\t\t\t\t\t\tsetTimeout(function(){\r\n\t\t\t\t\t\t\t$(window).trigger('resize');\r\n\t\t\t\t\t\t},200);\r\n\t\t\t\t\t}\r\n\t\t\t\t});\r\n\t\t\t\t$(document).on('click','.ult_tab_li',function(){\r\n\t\t\t\t\t$(window).trigger('resize');\r\n\t\t\t\t\tsetTimeout(function(){\r\n\t\t\t\t\t\t$(window).trigger('resize');\r\n\t\t\t\t\t},200);\r\n\t\t\t\t});\r\n\t\t\t});\r\n\t\t\tfunction toggleBounce() {\r\n\t\t\t  if (marker_map_69f92a5a3e8c0.getAnimation() != null) {\r\n\t\t\t\tmarker_map_69f92a5a3e8c0.setAnimation(null);\r\n\t\t\t  } else {\r\n\t\t\t\tmarker_map_69f92a5a3e8c0.setAnimation(google.maps.Animation.BOUNCE);\r\n\t\t\t  }\r\n\t\t\t}\r\n\t\t\t})(jQuery);\r\n\t\t\t<\/script>[\/vc_column_inner][vc_column_inner width=&#8221;1\/3&#8243;]\t<div id=\"thb-iconbox-93\" class=\"thb-iconbox top type3\" href=\"\" target=\"\">\n\t\t\t\t<span class=\"thb-iconbox-bg\" style=\"background-image:url()\"><\/span>\n\t\t\t\t<figure>\n\t\t\t<svg xmlns=\"http:\/\/www.w3.org\/2000\/svg\" viewBox=\"0 0 64 64\" enable-background=\"new 0 0 64 64\"><g fill=\"none\" stroke=\"#000\" stroke-width=\"2\" stroke-miterlimit=\"10\"><path d=\"m36 9h9\"\/><path d=\"m19 17h26\"\/><path d=\"m19 25h26\"\/><path d=\"M1 26 32 45.43 63 26\"\/><path d=\"m11.334 21.667l-10.334 4.333v37h62v-37l-10.334-4.333\"\/><path d=\"m11 32v-31h42v31\"\/><\/g><\/svg>\t\t<\/figure>\n\t\t<div class=\"iconbox-content\">\n\t\t\t<h5>B\u1ea1n c\u1ea7n th\u00eam th\u00f4ng tin?<\/h5>\t\t\t<p>Li\u00ean h\u1ec7:<\/p>\n<p>\u0110i\u1ec7n tho\u1ea1i: +84 961 740 359<\/p>\n<p>Email: contact@weareathena.com<\/p>\n\t\t<\/div>\n\t<\/div>\n\t[\/vc_column_inner][\/vc_row_inner][vc_empty_space height=&#8221;30px&#8221;][vc_column_text el_class=&#8221;text-center&#8221;]C\u00e1c b\u1ea1n c\u0169ng c\u00f3 th\u1ec3 li\u1ec7n h\u1ec7 v\u1edbi ch\u00fang t\u00f4i t\u1ea1i:[\/vc_column_text][vc_row_inner][vc_column_inner width=&#8221;1\/4&#8243;][\/vc_column_inner][vc_column_inner el_class=&#8221;text-right&#8221; width=&#8221;1\/4&#8243;][vc_icon icon_fontawesome=&#8221;fa fa-facebook-square&#8221; align=&#8221;right&#8221; link=&#8221;url:https%3A%2F%2Fwww.facebook.com%2Fweareathena%2F||target:%20_blank|&#8221;][\/vc_column_inner][vc_column_inner width=&#8221;1\/4&#8243;][vc_icon icon_fontawesome=&#8221;fa fa-linkedin-square&#8221; link=&#8221;url:https%3A%2F%2Fwww.linkedin.com%2Fcompany-beta%2F10427861%2F||target:%20_blank|&#8221;][\/vc_column_inner][vc_column_inner width=&#8221;1\/4&#8243;][\/vc_column_inner][\/vc_row_inner][\/vc_column][\/vc_row][\/vc_section]<\/p>\n","protected":false},"excerpt":{"rendered":"<p>[vc_section css=&#8221;.vc_custom_1494233919625{background-color: #f0f2f6 !important;}&#8221;][vc_row thb_full_width=&#8221;true&#8221; css=&#8221;.vc_custom_1493959793381{padding-top: 12vh !important;padding-bottom: 12vh !important;}&#8221; el_class=&#8221;align-center&#8221;][vc_column offset=&#8221;vc_col-lg-9 vc_col-md-11&#8243; css=&#8221;.vc_custom_1612502830150{padding-right: 2% !important;padding-left: 2% !important;}&#8221; el_class=&#8221;form-contact-page&#8221;][vc_row_inner thb_max_width=&#8221;max_width&#8221; el_class=&#8221;align-center&#8221;][vc_column_inner][vc_column_text] B\u1ea0N C\u00d3 TH\u1eaeC M\u1eaeC ? [\/vc_column_text][vc_column_text el_class=&#8221;text-center&#8221; css=&#8221;.vc_custom_1523255032764{padding-right: 2% !important;padding-left: 2% !important;}&#8221;] Ch\u00fang t\u00f4i s\u1ebd gi\u1ea3i \u0111\u00e1p th\u1eafc m\u1eafc c\u1ee7a b\u1ea1n trong v\u00f2ng 24 ti\u1ebfng, n\u1ebfu kh\u00f4ng ch\u00fang t\u00f4i s\u1ebd m\u1eddi b\u1ea1n d\u00f9ng b\u1eefa&hellip;<\/p>\n","protected":false},"author":1,"featured_media":0,"parent":0,"menu_order":0,"comment_status":"closed","ping_status":"closed","template":"","meta":[],"_links":{"self":[{"href":"https:\/\/www.weareathena.com\/vi\/wp-json\/wp\/v2\/pages\/2971"}],"collection":[{"href":"https:\/\/www.weareathena.com\/vi\/wp-json\/wp\/v2\/pages"}],"about":[{"href":"https:\/\/www.weareathena.com\/vi\/wp-json\/wp\/v2\/types\/page"}],"author":[{"embeddable":true,"href":"https:\/\/www.weareathena.com\/vi\/wp-json\/wp\/v2\/users\/1"}],"replies":[{"embeddable":true,"href":"https:\/\/www.weareathena.com\/vi\/wp-json\/wp\/v2\/comments?post=2971"}],"version-history":[{"count":6,"href":"https:\/\/www.weareathena.com\/vi\/wp-json\/wp\/v2\/pages\/2971\/revisions"}],"predecessor-version":[{"id":3253,"href":"https:\/\/www.weareathena.com\/vi\/wp-json\/wp\/v2\/pages\/2971\/revisions\/3253"}],"wp:attachment":[{"href":"https:\/\/www.weareathena.com\/vi\/wp-json\/wp\/v2\/media?parent=2971"}],"curies":[{"name":"wp","href":"https:\/\/api.w.org\/{rel}","templated":true}]}}