{"id":2940,"date":"2017-01-30T10:04:22","date_gmt":"2017-01-30T09:04:22","guid":{"rendered":"https:\/\/www.weareathena.com\/services\/"},"modified":"2021-05-14T07:21:36","modified_gmt":"2021-05-14T05:21:36","slug":"dich-vu","status":"publish","type":"page","link":"https:\/\/www.weareathena.com\/vi\/dich-vu\/","title":{"rendered":"D\u1ecbch v\u1ee5"},"content":{"rendered":"<p>[vc_section full_height=&#8221;yes&#8221;][vc_row thb_full_width=&#8221;true&#8221; el_class=&#8221;align-center&#8221; css=&#8221;.vc_custom_1494234548453{padding-top: 12vh !important;padding-bottom: 12vh !important;}&#8221;][vc_column el_class=&#8221;text-center&#8221;][vc_column_text]<\/p>\n<h6>M\u1ed8T D\u1ecaCH V\u1ee4 D\u00c0NH RI\u00caNG CHO B\u1ea0N<\/h6>\n<p>[\/vc_column_text]\t<div id=\"thb-autotype-12\" class=\"thb-autotype\">\n\t\t<\/p>\n<h1><strong>D\u1ecbch v\u1ee5 c\u1ee7a ch\u00fang t\u00f4i<\/strong><\/h1>\n<p>\t<\/div>\n  \n  [vc_column_text]<\/p>\n<p style=\"text-align: center;\">Athena s\u1ebd \u0111\u1ed3ng h\u00e0nh c\u00f9ng b\u1ea1n trong c\u00e1c d\u1ef1 \u00e1n.<\/p>\n<p>[\/vc_column_text][\/vc_column][\/vc_row][vc_row thb_full_width=&#8221;true&#8221;][vc_column width=&#8221;1\/3&#8243;]\t<a id=\"thb-iconbox-45\" class=\"has-link thb-iconbox top type3\" href=\"http:\/\/weareathena.com\/vi\/conception-de-site-internet\/\" target=\"\">\n\t\t\t\t<span class=\"thb-iconbox-bg\" style=\"background-image:url()\"><\/span>\n\t\t\t\t<figure>\n\t\t\t<svg xmlns=\"http:\/\/www.w3.org\/2000\/svg\" viewBox=\"0 0 64 64\" enable-background=\"new 0 0 64 64\"><g fill=\"none\" stroke=\"#000\" stroke-width=\"2\" stroke-miterlimit=\"10\"><path d=\"m8 12h48v34h-48z\"\/><path d=\"m1 46h62v6h-62z\"\/><path d=\"m34 16h-4\"\/><\/g><\/svg>\t\t<\/figure>\n\t\t<div class=\"iconbox-content\">\n\t\t\t<h5>X\u00e2y d\u1ef1ng website<\/h5>\t\t\t<p>N\u1ebfu b\u1ea1n mu\u1ed1n x\u00e2y d\u1ef1ng website m\u1edbi, website th\u01b0\u01a1ng m\u1ea1i \u0111i\u1ec7n t\u1eed ho\u1eb7c b\u1ea3o tr\u00ec, l\u00e0m m\u1edbi l\u1ea1i website \u0111\u00e3 c\u00f3, \u0111\u1ed9i ng\u0169 l\u1eadp tr\u00ecnh vi\u00ean c\u1ee7a ch\u00fang t\u00f4i s\u1ebd \u0111\u1ed3ng h\u00e0nh c\u00f9ng b\u1ea1n.<\/p>\n\t\t<\/div>\n\t<\/a>\n\t[\/vc_column][vc_column width=&#8221;1\/3&#8243;]\t<a id=\"thb-iconbox-54\" class=\"has-link thb-iconbox top type3\" href=\"http:\/\/weareathena.com\/vi\/prestataire-technique\/\" target=\"\">\n\t\t\t\t<span class=\"thb-iconbox-bg\" style=\"background-image:url()\"><\/span>\n\t\t\t\t<figure>\n\t\t\t<svg xmlns=\"http:\/\/www.w3.org\/2000\/svg\" viewBox=\"0 0 64 64\" enable-background=\"new 0 0 64 64\"><g fill=\"none\" stroke=\"#000\" stroke-width=\"2\" stroke-miterlimit=\"10\"><path d=\"m22 1h16v62h-16z\"\/><path d=\"m31 12h7\"\/><path d=\"m38 22h-3\"\/><path d=\"m38 42h-3\"\/><path d=\"m31 32h7\"\/><path d=\"m31 52h7\"\/><path d=\"m16 63v-53l-4-8-4 8v53z\"\/><path d=\"m16 53h-8\"\/><path d=\"m56 3v50l-4 8-4-8v-50z\"\/><path d=\"m48 7h-4v10\"\/><\/g><\/svg>\t\t<\/figure>\n\t\t<div class=\"iconbox-content\">\n\t\t\t<h5>Gia c\u00f4ng k\u0129 thu\u1eadt<\/h5>\t\t\t<p>Th\u1eddi gian th\u1ef1c hi\u1ec7n d\u1ef1 \u00e1n qu\u00e1 ng\u1eafn, kinh ph\u00ed h\u1ea1n h\u1eb9p hay thi\u1ebfu kinh nghi\u1ec7m v\u1ec1 k\u0129 thu\u1eadt, \u0111\u1ed9i ng\u0169 c\u1ee7a ch\u00fang t\u00f4i s\u1ebd gi\u00fap b\u1ea1n v\u01b0\u1ee3t qua c\u00e1c kh\u00f3 kh\u0103n \u0111\u00f3.<\/p>\n\t\t<\/div>\n\t<\/a>\n\t[\/vc_column][vc_column width=&#8221;1\/3&#8243;]\t<a id=\"thb-iconbox-44\" class=\"has-link thb-iconbox top type3\" href=\"http:\/\/weareathena.com\/vi\/regie-offshore\/\" target=\"\">\n\t\t\t\t<span class=\"thb-iconbox-bg\" style=\"background-image:url()\"><\/span>\n\t\t\t\t<figure>\n\t\t\t<svg xmlns=\"http:\/\/www.w3.org\/2000\/svg\" viewBox=\"0 0 64 64\" enable-background=\"new 0 0 64 64\"><path fill=\"none\" stroke=\"#000\" stroke-width=\"2\" stroke-miterlimit=\"10\" d=\"M41,50h14c4.565,0,8-3.582,8-8s-3.435-8-8-8\n\tc0-11.046-9.52-20-20.934-20C23.966,14,14.8,20.732,13,30c0,0-0.831,0-1.667,0C5.626,30,1,34.477,1,40s4.293,10,10,10H41\"\/><\/svg>\t\t<\/figure>\n\t\t<div class=\"iconbox-content\">\n\t\t\t<h5>D\u1ecbch v\u1ee5 Offshore<\/h5>\t\t\t<p>D\u00f9 ng\u1eafn h\u1ea1n hay d\u00e0i h\u1ea1n, h\u00e3y tin t\u01b0\u1edfng v\u00e0o \u0111\u1ed9i ng\u0169 l\u1eadp tr\u00ecnh vi\u00ean c\u1ee7a ch\u00fang t\u00f4i. Ch\u00fang t\u00f4i s\u1ebd t\u1eadp trung t\u1ea5t c\u1ea3 s\u1ee9c l\u1ef1c c\u1ee7a m\u00ecnh cho d\u1ef1 \u00e1n c\u1ee7a b\u1ea1n.<\/p>\n\t\t<\/div>\n\t<\/a>\n\t[\/vc_column][\/vc_row][vc_row el_class=&#8221;text-center&#8221;][vc_column el_class=&#8221;text-center&#8221;][vc_empty_space height=&#8221;30px&#8221;][vc_row_inner][vc_column_inner]\t<a class=\"btn thb-text-style  accent \" href=\"\/vi\/lien-he\" target=\"_blank\" role=\"button\" title=\"Li\u00ean h\u1ec7\"><span>Li\u00ean h\u1ec7<\/span><\/a>\n  \n  [\/vc_column_inner][\/vc_row_inner][\/vc_column][\/vc_row][\/vc_section]<\/p>\n","protected":false},"excerpt":{"rendered":"<p>[vc_section full_height=&#8221;yes&#8221;][vc_row thb_full_width=&#8221;true&#8221; el_class=&#8221;align-center&#8221; css=&#8221;.vc_custom_1494234548453{padding-top: 12vh !important;padding-bottom: 12vh !important;}&#8221;][vc_column el_class=&#8221;text-center&#8221;][vc_column_text] M\u1ed8T D\u1ecaCH V\u1ee4 D\u00c0NH RI\u00caNG CHO B\u1ea0N [\/vc_column_text][vc_column_text] Athena s\u1ebd \u0111\u1ed3ng h\u00e0nh c\u00f9ng b\u1ea1n trong c\u00e1c d\u1ef1 \u00e1n. [\/vc_column_text][\/vc_column][\/vc_row][vc_row thb_full_width=&#8221;true&#8221;][vc_column width=&#8221;1\/3&#8243;][\/vc_column][vc_column width=&#8221;1\/3&#8243;][\/vc_column][vc_column width=&#8221;1\/3&#8243;][\/vc_column][\/vc_row][vc_row el_class=&#8221;text-center&#8221;][vc_column el_class=&#8221;text-center&#8221;][vc_empty_space height=&#8221;30px&#8221;][vc_row_inner][vc_column_inner][\/vc_column_inner][\/vc_row_inner][\/vc_column][\/vc_row][\/vc_section]<\/p>\n","protected":false},"author":1,"featured_media":0,"parent":0,"menu_order":0,"comment_status":"closed","ping_status":"closed","template":"","meta":[],"_links":{"self":[{"href":"https:\/\/www.weareathena.com\/vi\/wp-json\/wp\/v2\/pages\/2940"}],"collection":[{"href":"https:\/\/www.weareathena.com\/vi\/wp-json\/wp\/v2\/pages"}],"about":[{"href":"https:\/\/www.weareathena.com\/vi\/wp-json\/wp\/v2\/types\/page"}],"author":[{"embeddable":true,"href":"https:\/\/www.weareathena.com\/vi\/wp-json\/wp\/v2\/users\/1"}],"replies":[{"embeddable":true,"href":"https:\/\/www.weareathena.com\/vi\/wp-json\/wp\/v2\/comments?post=2940"}],"version-history":[{"count":15,"href":"https:\/\/www.weareathena.com\/vi\/wp-json\/wp\/v2\/pages\/2940\/revisions"}],"predecessor-version":[{"id":3298,"href":"https:\/\/www.weareathena.com\/vi\/wp-json\/wp\/v2\/pages\/2940\/revisions\/3298"}],"wp:attachment":[{"href":"https:\/\/www.weareathena.com\/vi\/wp-json\/wp\/v2\/media?parent=2940"}],"curies":[{"name":"wp","href":"https:\/\/api.w.org\/{rel}","templated":true}]}}