{"id":2931,"date":"2017-05-23T06:31:35","date_gmt":"2017-05-23T04:31:35","guid":{"rendered":"https:\/\/www.weareathena.com\/regie-offshore\/"},"modified":"2021-03-08T11:17:39","modified_gmt":"2021-03-08T10:17:39","slug":"dich-vu-offshore","status":"publish","type":"page","link":"https:\/\/www.weareathena.com\/vi\/dich-vu-offshore\/","title":{"rendered":"D\u1ecbch v\u1ee5 Offshore"},"content":{"rendered":"<p>[vc_section][vc_row thb_full_width=&#8221;true&#8221; css=&#8221;.vc_custom_1496836129000{margin-top: 100px !important;padding-top: 10vh !important;padding-bottom: 10vh !important;}&#8221; el_class=&#8221;align-center&#8221;][vc_column css=&#8221;.vc_custom_1495425482573{padding-right: 2% !important;padding-left: 2% !important;}&#8221;][vc_row_inner el_class=&#8221;align-center&#8221;][vc_column_inner el_class=&#8221;text-center&#8221; offset=&#8221;vc_col-lg-9 vc_col-md-11&#8243;][vc_column_text css=&#8221;.vc_custom_1523009449873{padding-right: 10% !important;padding-left: 10% !important;}&#8221;]<\/p>\n<h6>T\u01af\u01a0NG LAI C\u1ee6A C\u00d4NG TY B\u1ea0N<\/h6>\n<p>[\/vc_column_text]\t<div id=\"thb-autotype-36\" class=\"thb-autotype\">\n\t\t<\/p>\n<h1><strong>D\u1ecbch v\u1ee5 Offshore<\/strong><\/h1>\n<p>\t<\/div>\n  \n  [vc_column_text el_class=&#8221;text-center&#8221;]<span style=\"font-weight: 400;\">D\u00f9 to\u00e0n th\u1eddi gian hay b\u00e1n th\u1eddi gian, d\u00f9 th\u1eddi h\u1ea1n ng\u1eafn hay d\u00e0i, ch\u00fang t\u00f4i s\u1ebd\u00a0 mang l\u1ea1i cho b\u1ea1n s\u1ef1 h\u00e0i l\u1ed3ng nh\u1ea5t.<\/span>[\/vc_column_text][\/vc_column_inner][\/vc_row_inner][vc_empty_space][vc_row_inner css=&#8221;.vc_custom_1495448024909{padding-top: -50px !important;}&#8221;][vc_column_inner width=&#8221;1\/6&#8243;][\/vc_column_inner][vc_column_inner width=&#8221;1\/2&#8243;][vc_empty_space][vc_single_image image=&#8221;2643&#8243; img_size=&#8221;full&#8221; css_animation=&#8221;fadeInUp&#8221;][\/vc_column_inner][vc_column_inner width=&#8221;1\/3&#8243;][vc_separator color=&#8221;blue&#8221; border_width=&#8221;3&#8243; css=&#8221;.vc_custom_1495447091456{margin-left: -100px !important;padding-top: 310px !important;}&#8221;][\/vc_column_inner][\/vc_row_inner][vc_row_inner][vc_column_inner width=&#8221;1\/6&#8243;][\/vc_column_inner][vc_column_inner width=&#8221;1\/3&#8243;][vc_custom_heading text=&#8221;Linh ho\u1ea1t&#8221; font_container=&#8221;tag:h1|font_size:50|text_align:right&#8221; use_theme_fonts=&#8221;yes&#8221; css_animation=&#8221;fadeIn&#8221;][\/vc_column_inner][vc_column_inner width=&#8221;1\/3&#8243;][vc_column_text]<\/p>\n<p style=\"text-align: left;\">Qu\u1ea3n l\u00fd d\u1ef1 \u00e1n c\u1ee7a b\u1ea1n d\u1ef1a tr\u00ean c\u00e1c ngu\u1ed3n t\u00e0i nguy\u00ean c\u00f3 s\u1eb5n.<\/p>\n<p style=\"text-align: left;\">T\u00f9y theo t\u00ednh c\u1ea5p b\u00e1ch c\u1ee7a d\u1ef1 \u00e1n, c\u1ea5p l\u1eadp tr\u00ecnh vi\u00ean c\u00faa ch\u00fang t\u00f4i c\u00f3 th\u1ec3 ch\u1ee7 \u0111\u1ed9ng th\u1eddi gian \u0111\u1ec3 gi\u00fap b\u1ea1n ho\u00e0n th\u00e0nh d\u1ef1 \u00e1n theo \u0111\u00fang ti\u1ebfn \u0111\u1ed9 \u0111\u1ec1 ra.<\/p>\n<p>[\/vc_column_text][\/vc_column_inner][vc_column_inner width=&#8221;1\/6&#8243;][\/vc_column_inner][\/vc_row_inner][vc_row_inner][vc_column_inner width=&#8221;1\/3&#8243;][vc_separator color=&#8221;blue&#8221; border_width=&#8221;3&#8243; css=&#8221;.vc_custom_1495447034252{margin-right: -100px !important;padding-top: 300px !important;}&#8221;][\/vc_column_inner][vc_column_inner width=&#8221;1\/2&#8243;][vc_empty_space][vc_single_image image=&#8221;2649&#8243; img_size=&#8221;full&#8221; css_animation=&#8221;fadeInUp&#8221;][\/vc_column_inner][vc_column_inner width=&#8221;1\/6&#8243;][\/vc_column_inner][\/vc_row_inner][vc_row_inner][vc_column_inner width=&#8221;1\/6&#8243;][\/vc_column_inner][vc_column_inner width=&#8221;1\/3&#8243;][vc_column_text]<\/p>\n<p style=\"text-align: left;\">T\u00f9y theo nhu c\u1ea7u c\u1ee7a kh\u00e1ch h\u00e0ng, ch\u00fang t\u00f4i s\u1ebd cung c\u1ea5p cho b\u1ea1n\u00a0 chuy\u00ean vi\u00ean t\u01b0\u01a1ng \u1ee9ng v\u1edbi nhu k\u0129 thu\u1eadt m\u00e0 b\u1ea1n mong mu\u1ed1n: Front end, Magento, Drupal, WordPress, Angular &#8230;<\/p>\n<p style=\"text-align: left;\">Ti\u1ebfn h\u00e0nh nhanh ch\u00f3ng, k\u1ef9 thu\u1eadt vi\u00ean s\u1ebd l\u00e0m vi\u1ec7c ch\u1eb7t ch\u1ebd v\u1edbi \u0111\u1ed9i ng\u0169 c\u1ee7a kh\u00e1ch h\u00e0nh \u0111\u1ec3 \u0111em l\u1ea1i nh\u1eefng k\u1ebft qu\u1ea3 t\u1ed1t nh\u1ea5t cho d\u1ef1 \u00e1n c\u1ee7a b\u1ea1n.<\/p>\n<p>[\/vc_column_text][\/vc_column_inner][vc_column_inner width=&#8221;1\/3&#8243;][vc_custom_heading text=&#8221;Chuy\u00ean nghi\u1ec7p&#8221; font_container=&#8221;tag:h1|font_size:50|text_align:left&#8221; use_theme_fonts=&#8221;yes&#8221; css_animation=&#8221;fadeIn&#8221;][\/vc_column_inner][vc_column_inner width=&#8221;1\/6&#8243;][\/vc_column_inner][\/vc_row_inner][vc_row_inner css=&#8221;.vc_custom_1495448024909{padding-top: -50px !important;}&#8221;][vc_column_inner width=&#8221;1\/6&#8243;][\/vc_column_inner][vc_column_inner width=&#8221;1\/2&#8243;][vc_empty_space][vc_single_image image=&#8221;2876&#8243; img_size=&#8221;full&#8221; css_animation=&#8221;fadeInUp&#8221;][\/vc_column_inner][vc_column_inner width=&#8221;1\/3&#8243;][vc_separator color=&#8221;blue&#8221; border_width=&#8221;3&#8243; css=&#8221;.vc_custom_1495447091456{margin-left: -100px !important;padding-top: 310px !important;}&#8221;][\/vc_column_inner][\/vc_row_inner][vc_row_inner][vc_column_inner width=&#8221;1\/6&#8243;][\/vc_column_inner][vc_column_inner width=&#8221;1\/3&#8243;][vc_custom_heading text=&#8221;Ti\u1ebft ki\u1ec7m<br \/>\nChi Ph\u00ed&#8221; font_container=&#8221;tag:h1|font_size:50|text_align:right&#8221; use_theme_fonts=&#8221;yes&#8221; css_animation=&#8221;fadeIn&#8221;][\/vc_column_inner][vc_column_inner width=&#8221;1\/3&#8243;][vc_column_text]<\/p>\n<p style=\"text-align: left;\">V\u1edbi chi ph\u00ed ph\u1ea3i tr\u1ea3 ch\u1ec9 b\u1eb1ng 50%\u00a0 so v\u1edbi th\u00f4ng th\u01b0\u1eddng \u0111\u1ec3 c\u00f3 \u0111\u01b0\u1ee3c m\u1ed9t d\u1ecbch v\u1ee5 v\u00e0 ch\u1ea5t l\u01b0\u1ee3ng t\u01b0\u01a1ng \u0111\u01b0\u01a1ng.<\/p>\n<p style=\"text-align: left;\">\u0110\u1eebng qu\u00ean t\u00ednh \u0111\u1ebfn c\u00e1c kho\u1ea3n ti\u1ebft ki\u1ec7m chi ph\u00ed \u0111\u01b0\u1ee3c th\u1ef1c hi\u1ec7n.<\/p>\n<p>[\/vc_column_text][\/vc_column_inner][vc_column_inner width=&#8221;1\/6&#8243;][\/vc_column_inner][\/vc_row_inner][vc_empty_space height=&#8221;45px&#8221;][vc_custom_heading text=&#8221;H\u00e3y tr\u1ea3i nghi\u1ec7m c\u00f9ng ch\u00fang t\u00f4i&#8221; font_container=&#8221;tag:h1|font_size:50|text_align:center&#8221; use_theme_fonts=&#8221;yes&#8221; css_animation=&#8221;fadeIn&#8221;][vc_empty_space height=&#8221;30px&#8221;][vc_row_inner el_class=&#8221;align-center&#8221; css=&#8221;.vc_custom_1500610753886{margin-top: 70px !important;}&#8221;][vc_column_inner el_class=&#8221;text-center&#8221; width=&#8221;1\/3&#8243; animation=&#8221;animation top-to-bottom&#8221; css=&#8221;.vc_custom_1498797809387{margin-top: 50px !important;margin-left: 50px !important;padding-top: 30px !important;padding-right: 30px !important;padding-bottom: 30px !important;padding-left: 30px !important;background-color: #3a88c1 !important;}&#8221;]<div class=\"ult-just-icon-wrapper  \"><div class=\"align-icon\" style=\"text-align:center;\">\n<div class=\"aio-icon-img \" style=\"font-size:100px;display:inline-block;\" >\n\t<img class=\"img-icon\" alt=\"null\" src=\"https:\/\/www.weareathena.com\/app\/uploads\/2017\/05\/008-hipster-smiling.png\"\/>\n<\/div><\/div><\/div><div class=\"ult-just-icon-wrapper  \"><div class=\"align-icon\" style=\"text-align:left;\">\n<div class=\"aio-icon-img \" style=\"font-size:30px;display:inline-block;\" >\n\t<img class=\"img-icon\" alt=\"null\" src=\"https:\/\/www.weareathena.com\/app\/uploads\/2017\/05\/001-quote-left.png\"\/>\n<\/div><\/div><\/div>[vc_column_text]<\/p>\n<p style=\"text-align: left;\"><span style=\"color: #ffffff;\">Do xu\u1ea5t hi\u1ec7n c\u00e1c s\u1ef1 c\u1ed1 b\u1ea5t ng\u1edd, ch\u00fang t\u00f4i c\u1ea7n nhanh ch\u00f3ng huy \u0111\u1ed9ng 2 l\u1eadp tr\u00ecnh vi\u00ean can thi\u1ec7p HTML trong nhi\u1ec1u tu\u1ea7n.<\/span><\/p>\n<p style=\"text-align: left;\"><span style=\"color: #ffffff;\">Troi va Nhat \u0111\u00e3 nhanh ch\u00f3ng tham gia h\u1ed5 tr\u1ee3 ch\u00fang t\u00f4i \u0111\u1ec3 \u0111\u1ea3m b\u1ea3o cho d\u1ef1 \u00e1n \u0111\u01b0\u1ee3c ho\u00e0n th\u00e0nh \u0111\u00fang th\u1eddi h\u1ea1n. H\u1ecd c\u00f2n tham gia chia s\u1ebb kinh nghi\u1ec7m l\u1eadp tr\u00ecnh v\u1edbi b\u00ean ph\u00e1i c\u00f4ng ty ch\u00fang t\u00f4i \ud83d\ude42<\/span><\/p>\n<p>[\/vc_column_text]<div class=\"ult-just-icon-wrapper  \"><div class=\"align-icon\" style=\"text-align:right;\">\n<div class=\"aio-icon-img \" style=\"font-size:30px;display:inline-block;\" >\n\t<img class=\"img-icon\" alt=\"null\" src=\"https:\/\/www.weareathena.com\/app\/uploads\/2017\/05\/001-quote-left.png\"\/>\n<\/div><\/div><\/div>[vc_column_text css=&#8221;.vc_custom_1523528111042{padding-right: 30px !important;padding-left: 30px !important;}&#8221;]<\/p>\n<p style=\"text-align: center;\"><strong><span style=\"color: #ffffff;\">&#8211; Xavier, Qu\u1ea3n l\u00fd d\u1ef1 \u00e1n digital &#8211;<\/span><\/strong><\/p>\n<p>[\/vc_column_text][\/vc_column_inner][vc_column_inner width=&#8221;1\/3&#8243; css=&#8221;.vc_custom_1498797820724{padding-top: 30px !important;padding-right: 30px !important;padding-bottom: 30px !important;padding-left: 30px !important;background-color: #197bc1 !important;}&#8221;]<div class=\"ult-just-icon-wrapper  \"><div class=\"align-icon\" style=\"text-align:center;\">\n<div class=\"aio-icon-img \" style=\"font-size:100px;display:inline-block;\" >\n\t<img class=\"img-icon\" alt=\"null\" src=\"https:\/\/www.weareathena.com\/app\/uploads\/2017\/05\/010-boy-broad-smile.png\"\/>\n<\/div><\/div><\/div><div class=\"ult-just-icon-wrapper  \"><div class=\"align-icon\" style=\"text-align:left;\">\n<div class=\"aio-icon-img \" style=\"font-size:30px;display:inline-block;\" >\n\t<img class=\"img-icon\" alt=\"null\" src=\"https:\/\/www.weareathena.com\/app\/uploads\/2017\/05\/001-quote-left.png\"\/>\n<\/div><\/div><\/div>[vc_column_text css=&#8221;.vc_custom_1523528363675{padding-right: 30px !important;padding-left: 30px !important;}&#8221;]<\/p>\n<p style=\"text-align: left;\"><span style=\"color: #ffffff;\">C\u00f4ng ty ch\u00fang t\u00f4i c\u1ea7n m\u1ed9t chuy\u00ean gia v\u1ec1 Magento \u0111\u1ec3 \u0111\u1ea3m b\u1ea3o vi\u1ec7c duy tr\u00ec ho\u1ea1t \u0111\u1ed9ng c\u1ee7a platform e-commerce c\u1ee7a m\u00ecnh.<\/span><\/p>\n<p style=\"text-align: left;\"><span style=\"color: #ffffff;\">Athena \u0111\u00e3 \u0111\u1ec1 xu\u1ea5t cho ch\u00fang t\u00f4i quy tr\u00ecnh qu\u1ea3n l\u00fd v\u00e0 x\u1eed l\u00fd c\u00e1c workflows m\u1ed9t c\u00e1ch ch\u1eb7t ch\u1ebd v\u00e0 hi\u1ec7u qu\u1ea3.<\/span><\/p>\n<p>[\/vc_column_text]<div class=\"ult-just-icon-wrapper  \"><div class=\"align-icon\" style=\"text-align:right;\">\n<div class=\"aio-icon-img \" style=\"font-size:30px;display:inline-block;\" >\n\t<img class=\"img-icon\" alt=\"null\" src=\"https:\/\/www.weareathena.com\/app\/uploads\/2017\/05\/001-quote-left.png\"\/>\n<\/div><\/div><\/div>[vc_column_text css=&#8221;.vc_custom_1523528415547{padding-right: 30px !important;padding-left: 30px !important;}&#8221;]<\/p>\n<p style=\"text-align: center;\"><strong><span style=\"color: #ffffff;\">&#8211; Jean, Qu\u1ea3n l\u00fd d\u1ef1 \u00e1n digital &#8211;<\/span><\/strong><\/p>\n<p>[\/vc_column_text][\/vc_column_inner][vc_column_inner width=&#8221;1\/3&#8243; css=&#8221;.vc_custom_1498797828218{margin-top: -50px !important;margin-left: -50px !important;padding-top: 30px !important;padding-right: 30px !important;padding-bottom: 30px !important;padding-left: 30px !important;background-color: #0171c1 !important;}&#8221;]<div class=\"ult-just-icon-wrapper  \"><div class=\"align-icon\" style=\"text-align:center;\">\n<div class=\"aio-icon-img \" style=\"font-size:100px;display:inline-block;\" >\n\t<img class=\"img-icon\" alt=\"null\" src=\"https:\/\/www.weareathena.com\/app\/uploads\/2017\/05\/006-kissing-girl.png\"\/>\n<\/div><\/div><\/div><div class=\"ult-just-icon-wrapper  \"><div class=\"align-icon\" style=\"text-align:left;\">\n<div class=\"aio-icon-img \" style=\"font-size:30px;display:inline-block;\" >\n\t<img class=\"img-icon\" alt=\"null\" src=\"https:\/\/www.weareathena.com\/app\/uploads\/2017\/05\/001-quote-left.png\"\/>\n<\/div><\/div><\/div>[vc_column_text]<\/p>\n<p style=\"text-align: left;\"><span style=\"color: #ffffff;\">C\u00f4ng ty ch\u00fang t\u00f4i c\u1ea7n c\u00e1c l\u1eadp tr\u00ecnh vi\u00ean am hi\u1ec3u v\u1ec1 WordPress. Tuy nhi\u00ean, ch\u00fang t\u00f4i c\u00f3 ch\u00fat ng\u1ea7n ng\u1ea1i l\u00fac \u0111\u1ea7u trong vi\u1ec7c outsource \u1edf n\u01b0\u1edbc ngo\u00e0i b\u1edfi v\u1ea5n \u0111\u1ec1 kh\u00f3 kh\u0103n trong vi\u1ec7c trao \u0111\u1ed5i c\u00f4ng vi\u1ec7c b\u1eb1ng ti\u1ebfng ph\u00e1p v\u1edbi c\u00e1c c\u00f4ng ty n\u01b0\u1edbc ngo\u00e0i. Athena \u0111\u00e3 \u0111em \u0111\u1ebfn cho ch\u00fang t\u00f4i m\u1ed9t s\u1ef1 l\u1ef1a ch\u1ecdn ho\u00e0n h\u1ea3o v\u1edbi vi\u1ec7c x\u00e2y d\u1ef1ng v\u00e0 theo d\u00f5i d\u1ef1 \u00e1n ho\u00e0n to\u00e0n b\u1eb1ng ti\u1ebfng ph\u00e1p gi\u00fap ch\u00fang t\u00f4i c\u1ea3m th\u1ea5y ho\u00e0n to\u00e0n h\u00e0i tho\u1ea3i m\u00e1i trong c\u00f4ng vi\u1ec7c.<\/span><\/p>\n<p style=\"text-align: left;\"><span style=\"color: #ffffff;\">T\u00f4i c\u00f3 c\u1ea3m gi\u00e1c nh\u01b0 c\u00f4ng ty m\u00ecnh \u0111\u00e3 c\u00f3 th\u00eam 2 l\u1eadp tr\u00ecnh vi\u00ean v\u1edbi ch\u1ec9 v\u00e0i km c\u00e1ch bi\u1ec7t!<\/span><\/p>\n<p>[\/vc_column_text]<div class=\"ult-just-icon-wrapper  \"><div class=\"align-icon\" style=\"text-align:right;\">\n<div class=\"aio-icon-img \" style=\"font-size:30px;display:inline-block;\" >\n\t<img class=\"img-icon\" alt=\"null\" src=\"https:\/\/www.weareathena.com\/app\/uploads\/2017\/05\/001-quote-left.png\"\/>\n<\/div><\/div><\/div>[vc_column_text css=&#8221;.vc_custom_1523529308106{padding-right: 30px !important;padding-left: 30px !important;}&#8221;]<\/p>\n<p style=\"text-align: center;\"><strong><span style=\"color: #ffffff;\">&#8211; Marie, Gi\u00e1m \u0111\u1ed1c Marketing\u00a0&#8211;<\/span><\/strong><\/p>\n<p>[\/vc_column_text][\/vc_column_inner][\/vc_row_inner][vc_empty_space height=&#8221;20px&#8221;][\/vc_column][\/vc_row][\/vc_section][vc_section full_width=&#8221;stretch_row&#8221;][vc_row thb_full_width=&#8221;true&#8221; el_class=&#8221;align-center&#8221; css=&#8221;.vc_custom_1500610781319{padding-bottom: 12vh !important;}&#8221;][vc_column el_class=&#8221;text-center&#8221; offset=&#8221;vc_col-lg-6 vc_col-md-8&#8243;][vc_column_text]<\/p>\n<h1>T\u1ef1 h\u00e0o v\u1ec1 c\u00e1c d\u1ef1 \u00e1n c\u1ee7a m\u00ecnh<\/h1>\n<p>[\/vc_column_text][vc_column_text]T\u1ea5t c\u00e1c nh\u1eefng g\u00ec kh\u00e1ch h\u00e0ng c\u1ea7n, ch\u00fang t\u00f4i c\u00f3.[\/vc_column_text]\t<a class=\"btn thb-text-style  accent \" href=\"\/vi\/lien-he\/\" target=\"_blank\" role=\"button\" title=\"Li\u00ean h\u1ec7\"><span>Li\u00ean h\u1ec7<\/span><\/a>\n  \n  [\/vc_column][\/vc_row][\/vc_section][vc_row thb_full_width=&#8221;true&#8221; css=&#8221;.vc_custom_1614311879576{padding-top: 16vh !important;padding-bottom: 16vh !important;background-image: url(https:\/\/www.weareathena.com\/app\/uploads\/2021\/01\/h13_01.jpg?id=3143) !important;}&#8221; el_class=&#8221;align-center&#8221;][vc_column thb_color=&#8221;thb-light-column&#8221; el_class=&#8221;text-center&#8221; offset=&#8221;vc_col-lg-6 vc_col-md-8&#8243;][vc_column_text el_class=&#8221;text-center&#8221;]<\/p>\n<h1>Let\u2019s Work Together<\/h1>\n<p>Kinh nghi\u1ec7m, k\u0129 n\u0103ng, s\u00e1ng t\u1ea1o v\u00e0 h\u00e0i h\u01b0\u1edbc\u00a0 \u0111\u1ec3 l\u00e0m vi\u1ec7c v\u1edbi nhau.[\/vc_column_text]\t<a class=\"btn thb-text-style  white \" href=\"https:\/\/www.weareathena.com\/vi\/lien-he\/\" target=\"_blank\" role=\"button\" title=\"Li\u00ean h\u1ec7\"><span>Li\u00ean h\u1ec7<\/span><\/a>\n  \n  [\/vc_column][\/vc_row]<\/p>\n","protected":false},"excerpt":{"rendered":"<p>[vc_section][vc_row thb_full_width=&#8221;true&#8221; css=&#8221;.vc_custom_1496836129000{margin-top: 100px !important;padding-top: 10vh !important;padding-bottom: 10vh !important;}&#8221; el_class=&#8221;align-center&#8221;][vc_column css=&#8221;.vc_custom_1495425482573{padding-right: 2% !important;padding-left: 2% !important;}&#8221;][vc_row_inner el_class=&#8221;align-center&#8221;][vc_column_inner el_class=&#8221;text-center&#8221; offset=&#8221;vc_col-lg-9 vc_col-md-11&#8243;][vc_column_text css=&#8221;.vc_custom_1523009449873{padding-right: 10% !important;padding-left: 10% !important;}&#8221;] T\u01af\u01a0NG LAI C\u1ee6A C\u00d4NG TY B\u1ea0N [\/vc_column_text][vc_column_text el_class=&#8221;text-center&#8221;]D\u00f9 to\u00e0n th\u1eddi gian hay b\u00e1n th\u1eddi gian, d\u00f9 th\u1eddi h\u1ea1n ng\u1eafn hay d\u00e0i, ch\u00fang t\u00f4i s\u1ebd\u00a0 mang l\u1ea1i cho b\u1ea1n s\u1ef1 h\u00e0i l\u1ed3ng&hellip;<\/p>\n","protected":false},"author":1,"featured_media":0,"parent":0,"menu_order":0,"comment_status":"closed","ping_status":"closed","template":"","meta":[],"_links":{"self":[{"href":"https:\/\/www.weareathena.com\/vi\/wp-json\/wp\/v2\/pages\/2931"}],"collection":[{"href":"https:\/\/www.weareathena.com\/vi\/wp-json\/wp\/v2\/pages"}],"about":[{"href":"https:\/\/www.weareathena.com\/vi\/wp-json\/wp\/v2\/types\/page"}],"author":[{"embeddable":true,"href":"https:\/\/www.weareathena.com\/vi\/wp-json\/wp\/v2\/users\/1"}],"replies":[{"embeddable":true,"href":"https:\/\/www.weareathena.com\/vi\/wp-json\/wp\/v2\/comments?post=2931"}],"version-history":[{"count":23,"href":"https:\/\/www.weareathena.com\/vi\/wp-json\/wp\/v2\/pages\/2931\/revisions"}],"predecessor-version":[{"id":3289,"href":"https:\/\/www.weareathena.com\/vi\/wp-json\/wp\/v2\/pages\/2931\/revisions\/3289"}],"wp:attachment":[{"href":"https:\/\/www.weareathena.com\/vi\/wp-json\/wp\/v2\/media?parent=2931"}],"curies":[{"name":"wp","href":"https:\/\/api.w.org\/{rel}","templated":true}]}}