{"id":2875,"date":"2017-05-22T09:27:05","date_gmt":"2017-05-22T07:27:05","guid":{"rendered":"https:\/\/www.weareathena.com\/prestataire-technique\/"},"modified":"2021-03-05T08:28:10","modified_gmt":"2021-03-05T07:28:10","slug":"gia-cong-ky-thuat","status":"publish","type":"page","link":"https:\/\/www.weareathena.com\/vi\/gia-cong-ky-thuat\/","title":{"rendered":"Gia c\u00f4ng k\u1ef9 thu\u1eadt"},"content":{"rendered":"<p>[vc_row el_class=&#8221;align-center&#8221; css=&#8221;.vc_custom_1495448150768{margin-top: 100px !important;padding-top: 10vh !important;padding-bottom: 10vh !important;}&#8221;][vc_column offset=&#8221;vc_col-lg-7 vc_col-md-9&#8243; el_class=&#8221;text-center&#8221;][vc_column_text]<\/p>\n<h6>M\u1ede R\u1ed8NG TH\u1eca TR\u01af\u1edcNG KH\u00d4NG C\u00d2N L\u00c0 V\u1ea4N \u0110\u1ec0 \u0110\u00c1NG LO NG\u1ea0I N\u1eeeA!<\/h6>\n<p>[\/vc_column_text]\t<div id=\"thb-autotype-26\" class=\"thb-autotype\">\n\t\t<\/p>\n<h1><strong>Gia c\u00f4ng k\u1ef9 thu\u1eadt<\/strong><\/h1>\n<p>\t<\/div>\n  \n  [vc_column_text]<span style=\"font-weight: 400;\">Athena, c\u00f4ng ty offshore Perfect Pixel s\u1ebd \u0111\u1ed3ng h\u00e0nh c\u00f9ng b\u1ea1n trong c\u00e1c d\u1ef1 \u00e1n k\u1ef9 thu\u1eadt.<\/span>[\/vc_column_text][\/vc_column][\/vc_row][vc_row css=&#8221;.vc_custom_1495512092397{padding-top: -50px !important;}&#8221;][vc_column width=&#8221;1\/6&#8243;][\/vc_column][vc_column width=&#8221;1\/2&#8243;][vc_single_image image=&#8221;2877&#8243; img_size=&#8221;large&#8221; css_animation=&#8221;fadeInUp&#8221;][\/vc_column][vc_column width=&#8221;1\/3&#8243; offset=&#8221;vc_hidden-md vc_hidden-sm vc_hidden-xs&#8221;][vc_separator color=&#8221;blue&#8221; border_width=&#8221;3&#8243; el_width=&#8221;80&#8243; css=&#8221;.vc_custom_1476096630263{margin-left: -100px !important;padding-top: 300px !important;}&#8221;][\/vc_column][\/vc_row][vc_row][vc_column width=&#8221;1\/6&#8243;][\/vc_column][vc_column width=&#8221;1\/3&#8243;][vc_empty_space][vc_custom_heading text=&#8221;Chuy\u00ean<br \/>\nGia&#8221; font_container=&#8221;tag:h1|font_size:60|text_align:right&#8221; use_theme_fonts=&#8221;yes&#8221; css_animation=&#8221;fadeIn&#8221; css=&#8221;.vc_custom_1523519221416{padding-bottom: 10px !important;}&#8221;][\/vc_column][vc_column width=&#8221;1\/3&#8243;][vc_column_text]\u0110\u1ed9i ng\u0169 l\u1eadp tr\u00ecnh c\u1ee7a ch\u00fang t\u00f4i c\u00f3 kinh nghi\u1ec7m l\u00e0m vi\u1ec7c tr\u00ean nhi\u1ec1u linh v\u1ef1c. Ch\u00fang t\u00f4i am hi\u1ec3u h\u1ea7u h\u1ebft c\u00e1c k\u0129 thu\u1eadt ti\u00ean ti\u1ebfn trong l\u0129nh v\u1ef1c k\u0129 thu\u1eadt s\u1ed1:<\/p>\n<ul>\n<li>Responsive Design,<\/li>\n<li>CMS (WordPress,Drupal,..)<\/li>\n<li>E-commerce<\/li>\n<li>C\u00e1c framework PHP (Zend, Sf2).<\/li>\n<\/ul>\n<p>T\u00ednh chuy\u00ean nghi\u1ec7p c\u00f9ng v\u1edbi kh\u1ea3 n\u0103ng nghi\u1ec7p cao gi\u00fap ch\u00fang t\u00f4i ho\u00e0n th\u00e0nh m\u1ed9t c\u00e1ch nhanh ch\u00f3ng c\u00e1c d\u1ef1 \u00e1n \u0111\u00f2i h\u1ecfi t\u00ednh ch\u00ednh x\u00e1c v\u00e0 nhanh ch\u00f3ng.[\/vc_column_text][\/vc_column][vc_column width=&#8221;1\/6&#8243;][\/vc_column][\/vc_row][vc_row css=&#8221;.vc_custom_1494847597944{padding-top: -50px !important;}&#8221;][vc_column width=&#8221;1\/3&#8243; offset=&#8221;vc_hidden-md vc_hidden-sm vc_hidden-xs&#8221;][vc_separator color=&#8221;blue&#8221; border_width=&#8221;3&#8243; el_width=&#8221;80&#8243; css=&#8221;.vc_custom_1494851422950{margin-right: -100px !important;padding-top: 300px !important;}&#8221;][\/vc_column][vc_column width=&#8221;1\/2&#8243;][vc_empty_space][vc_single_image image=&#8221;2876&#8243; img_size=&#8221;full&#8221; css_animation=&#8221;fadeInUp&#8221;][\/vc_column][vc_column width=&#8221;1\/6&#8243;][\/vc_column][\/vc_row][vc_row][vc_column width=&#8221;1\/6&#8243;][\/vc_column][vc_column width=&#8221;1\/3&#8243;][vc_column_text]X\u00e2y d\u1ef1ng v\u00e0 ph\u00e1t tri\u1ec3n website \u1edf Vi\u1ec7t Nam gi\u00fap b\u1ea1n gi\u1ea3m \u0111\u01b0\u1ee3c chi ph\u00ed s\u1ea3n xu\u1ea5t, c\u00f9ng v\u1edbi s\u1ef1 \u0111\u1ea3m b\u1ea3o v\u1ec1 ch\u1ea5t l\u01b0\u1ee3ng cao.<\/p>\n<p>V\u1edbi chi ph\u00ed th\u1ea5p h\u1edbn \u0111\u1ebfn 65% so v\u1edbi chi ph\u00ed t\u1ea1i Ph\u00e1p, b\u1ea1n c\u00f3 th\u1ec3 cung c\u1ea5p\u00a0 gi\u00e1 c\u1ea3 h\u1ea5p d\u1eabn h\u01a1n cho kh\u00e1ch h\u00e0ng c\u1ee7a m\u00ecnh[\/vc_column_text][\/vc_column][vc_column width=&#8221;1\/3&#8243;][vc_empty_space][vc_custom_heading text=&#8221;Ti\u1ebft<br \/>\nKi\u1ec7m&#8221; font_container=&#8221;tag:h1|font_size:60|text_align:left&#8221; use_theme_fonts=&#8221;yes&#8221; css_animation=&#8221;fadeIn&#8221; css=&#8221;.vc_custom_1523519356225{padding-bottom: 10px !important;}&#8221;][\/vc_column][vc_column width=&#8221;1\/6&#8243;][\/vc_column][\/vc_row][vc_row css=&#8221;.vc_custom_1495439421159{padding-top: 12vh !important;}&#8221;][vc_column width=&#8221;1\/6&#8243;][\/vc_column][vc_column width=&#8221;1\/2&#8243;][vc_single_image image=&#8221;1806&#8243; img_size=&#8221;full&#8221; css_animation=&#8221;fadeInUp&#8221;][\/vc_column][vc_column width=&#8221;1\/3&#8243; offset=&#8221;vc_hidden-md vc_hidden-sm vc_hidden-xs&#8221;][vc_separator color=&#8221;blue&#8221; border_width=&#8221;3&#8243; el_width=&#8221;80&#8243; css=&#8221;.vc_custom_1476096630263{margin-left: -100px !important;padding-top: 300px !important;}&#8221;][\/vc_column][\/vc_row][vc_row][vc_column width=&#8221;1\/6&#8243;][\/vc_column][vc_column width=&#8221;1\/3&#8243;][vc_empty_space][vc_custom_heading text=&#8221;Uy T\u00edn&#8221; font_container=&#8221;tag:h1|font_size:60|text_align:right&#8221; use_theme_fonts=&#8221;yes&#8221; css_animation=&#8221;fadeIn&#8221;][\/vc_column][vc_column width=&#8221;1\/3&#8243;][vc_column_text]L\u00e0 m\u1ed9t c\u00f4ng ty Pixel Perfect, ch\u00fang t\u00f4i lu\u00f4n c\u00e2n nh\u1eafc v\u1ec1 t\u1ea5t c\u1ea3 c\u00e1c d\u1ef1 \u00e1n m\u00e0 ch\u00fang t\u00f4i th\u1ef1c hi\u1ec7n. Y\u00eau c\u1ea7u v\u1ec1 ch\u1ea5t l\u01b0\u1ee3ng c\u1ee7a kh\u00e1ch h\u00e0ng l\u00e0 \u01b0u ti\u00ean h\u00e0ng \u0111\u1ea7u c\u1ee7a ch\u00fang t\u00f4i.<\/p>\n<p>M\u1eb7c d\u00f9 \u1edf Vi\u1ec7t Nam, nh\u01b0ng ch\u00fang t\u00f4i v\u1eabn cam k\u1ebft mang l\u1ea1i cho b\u1ea1n nh\u1eefng tr\u1ea3i nghi\u1ec7m tuy\u1ec7t v\u1eddi 100% v\u1ec1 phong c\u00e1ch l\u00e0m vi\u1ec7c, qu\u00e1 tr\u00ecnh qu\u1ea3n l\u00fd d\u1ef1 \u00e1n v\u00e0 ch\u1ea5t l\u01b0\u1ee3ng s\u1ea3n ph\u1ea9m c\u1ee7a\u00a0 c\u00f4ng ty Ph\u00e1p.[\/vc_column_text][\/vc_column][vc_column width=&#8221;1\/6&#8243;][\/vc_column][\/vc_row][vc_row][vc_column][vc_empty_space height=&#8221;45px&#8221;][vc_column_text]<\/p>\n<h1 style=\"text-align: center;\"><b>Athena 2016<\/b><\/h1>\n<p style=\"text-align: center;\"><b>37 d\u1ef1 \u00e1n \u0111\u00e3 \u0111\u01b0\u1ee3c th\u1ef1c hi\u1ec7n<\/b><\/p>\n<p>[\/vc_column_text][\/vc_column][\/vc_row][vc_row][vc_column width=&#8221;1\/3&#8243;][vc_single_image image=&#8221;1096&#8243; alignment=&#8221;center&#8221; title=&#8221;11 Projets WordPress&#8221;][\/vc_column][vc_column width=&#8221;1\/3&#8243;][vc_single_image image=&#8221;1054&#8243; alignment=&#8221;center&#8221; title=&#8221;8 Projets Drupal&#8221;][\/vc_column][vc_column width=&#8221;1\/3&#8243;][vc_single_image image=&#8221;1066&#8243; alignment=&#8221;center&#8221; title=&#8221;5 Projets E-commerce&#8221;][\/vc_column][\/vc_row][vc_row][vc_column][vc_empty_space][vc_column_text]<\/p>\n<p style=\"text-align: center;\">C\u00f2n ch\u1ea7n ch\u1eeb g\u00ec n\u1eefa. H\u00e3y \u0111\u1ebfn v\u1edbi ch\u00fang t\u00f4i \u0111\u1ec3 c\u00f9ng l\u00e0m n\u00ean k\u00ec t\u00edch cho trang web c\u1ee7a b\u1ea1n<\/p>\n<p>[\/vc_column_text][\/vc_column][\/vc_row][vc_section full_width=&#8221;stretch_row&#8221; css=&#8221;.vc_custom_1494991891262{background-image: url(https:\/\/www.weareathena.com\/wp-content\/uploads\/2017\/01\/felix-plakolb-66229-2.png?id=1807) !important;}&#8221;][vc_row thb_full_width=&#8221;true&#8221; el_class=&#8221;align-center&#8221; css=&#8221;.vc_custom_1494991674594{padding-top: 12vh !important;padding-bottom: 12vh !important;}&#8221;][vc_column el_class=&#8221;text-center&#8221; offset=&#8221;vc_col-lg-6 vc_col-md-8&#8243;][vc_column_text]<\/p>\n<h1>T\u1ef1 h\u00e0o v\u1ec1 nh\u1eefng d\u1ef1 \u00e1n c\u1ee7a m\u00ecnh<\/h1>\n<p>[\/vc_column_text][vc_column_text]Nh\u1eefng g\u00ec b\u1ea1n c\u1ea7n, ch\u00fang t\u00f4i \u0111\u1ec1u c\u00f3.[\/vc_column_text]\t<a class=\"btn thb-text-style  accent \" href=\"\/vi\/lien-he\/\" target=\"_blank\" role=\"button\" title=\"Li\u00ean h\u1ec7\"><span>Li\u00ean h\u1ec7<\/span><\/a>\n  \n  [\/vc_column][\/vc_row][\/vc_section][vc_row thb_full_width=&#8221;true&#8221; css=&#8221;.vc_custom_1614929289026{padding-top: 16vh !important;padding-bottom: 16vh !important;background-image: url(https:\/\/www.weareathena.com\/app\/uploads\/2021\/01\/h13_01.jpg?id=3143) !important;}&#8221; el_class=&#8221;align-center&#8221;][vc_column thb_color=&#8221;thb-light-column&#8221; el_class=&#8221;text-center&#8221; offset=&#8221;vc_col-lg-6 vc_col-md-8&#8243;][vc_column_text el_class=&#8221;text-center&#8221;]<\/p>\n<h1>Let\u2019s Work Together<\/h1>\n<p>Kinh nghi\u1ec7m, chuy\u00ean nghi\u1ec7p, t\u1ed1c \u0111\u1ed9, v\u00e0 tho\u1ea3i m\u00e1i l\u00e0 nh\u1eefng g\u00ec b\u1ea1n c\u1ea3m nh\u1eadn \u0111\u01b0\u1ee3c khi l\u00e0m vi\u1ec7c c\u00f9ng ch\u00fang t\u00f4i.[\/vc_column_text]\t<a class=\"btn thb-fill-style  white animation bottom-to-top\" href=\"http:\/\/weareathena.com\/vi\/nous-contacter\/\" target=\"_blank\" role=\"button\" title=\"Li\u00ean h\u1ec7\"><span>Li\u00ean h\u1ec7<\/span><\/a>\n  \n  [\/vc_column][\/vc_row]<\/p>\n","protected":false},"excerpt":{"rendered":"<p>[vc_row el_class=&#8221;align-center&#8221; css=&#8221;.vc_custom_1495448150768{margin-top: 100px !important;padding-top: 10vh !important;padding-bottom: 10vh !important;}&#8221;][vc_column offset=&#8221;vc_col-lg-7 vc_col-md-9&#8243; el_class=&#8221;text-center&#8221;][vc_column_text] M\u1ede R\u1ed8NG TH\u1eca TR\u01af\u1edcNG KH\u00d4NG C\u00d2N L\u00c0 V\u1ea4N \u0110\u1ec0 \u0110\u00c1NG LO NG\u1ea0I N\u1eeeA! [\/vc_column_text][vc_column_text]Athena, c\u00f4ng ty offshore Perfect Pixel s\u1ebd \u0111\u1ed3ng h\u00e0nh c\u00f9ng b\u1ea1n trong c\u00e1c d\u1ef1 \u00e1n k\u1ef9 thu\u1eadt.[\/vc_column_text][\/vc_column][\/vc_row][vc_row css=&#8221;.vc_custom_1495512092397{padding-top: -50px !important;}&#8221;][vc_column width=&#8221;1\/6&#8243;][\/vc_column][vc_column width=&#8221;1\/2&#8243;][vc_single_image image=&#8221;2877&#8243; img_size=&#8221;large&#8221; css_animation=&#8221;fadeInUp&#8221;][\/vc_column][vc_column width=&#8221;1\/3&#8243; offset=&#8221;vc_hidden-md vc_hidden-sm vc_hidden-xs&#8221;][vc_separator color=&#8221;blue&#8221;&hellip;<\/p>\n","protected":false},"author":1,"featured_media":0,"parent":0,"menu_order":0,"comment_status":"closed","ping_status":"closed","template":"","meta":[],"_links":{"self":[{"href":"https:\/\/www.weareathena.com\/vi\/wp-json\/wp\/v2\/pages\/2875"}],"collection":[{"href":"https:\/\/www.weareathena.com\/vi\/wp-json\/wp\/v2\/pages"}],"about":[{"href":"https:\/\/www.weareathena.com\/vi\/wp-json\/wp\/v2\/types\/page"}],"author":[{"embeddable":true,"href":"https:\/\/www.weareathena.com\/vi\/wp-json\/wp\/v2\/users\/1"}],"replies":[{"embeddable":true,"href":"https:\/\/www.weareathena.com\/vi\/wp-json\/wp\/v2\/comments?post=2875"}],"version-history":[{"count":11,"href":"https:\/\/www.weareathena.com\/vi\/wp-json\/wp\/v2\/pages\/2875\/revisions"}],"predecessor-version":[{"id":3288,"href":"https:\/\/www.weareathena.com\/vi\/wp-json\/wp\/v2\/pages\/2875\/revisions\/3288"}],"wp:attachment":[{"href":"https:\/\/www.weareathena.com\/vi\/wp-json\/wp\/v2\/media?parent=2875"}],"curies":[{"name":"wp","href":"https:\/\/api.w.org\/{rel}","templated":true}]}}