{"id":2860,"date":"2017-01-30T10:12:53","date_gmt":"2017-01-30T09:12:53","guid":{"rendered":"https:\/\/www.weareathena.com\/presentation-de-lagence\/"},"modified":"2021-05-14T07:27:42","modified_gmt":"2021-05-14T05:27:42","slug":"gioi-thieu-cong-ty","status":"publish","type":"page","link":"https:\/\/www.weareathena.com\/vi\/gioi-thieu-cong-ty\/","title":{"rendered":"Gi\u1edbi thi\u1ec7u v\u1ec1 c\u00f4ng ty"},"content":{"rendered":"<p>[vc_row el_class=&#8221;align-center&#8221; css=&#8221;.vc_custom_1475072484539{margin-top: 100px !important;padding-top: 10vh !important;padding-bottom: 10vh !important;}&#8221;][vc_column offset=&#8221;vc_col-lg-7 vc_col-md-9&#8243; el_class=&#8221;text-center&#8221;][vc_column_text]<\/p>\n<h6>T\u1ef0 H\u00c0O L\u00c0 H\u00c0NG VI\u1ec6T NAM<\/h6>\n<p>[\/vc_column_text]\t<div id=\"thb-autotype-36\" class=\"thb-autotype\">\n\t\t<\/p>\n<h1><strong>Offshore<br \/>\n\u2260<br \/>\n<div class=\"thb-autotype-entry\" data-thb-loop=\"1\" data-strings=\"[&quot;Low Cost&quot;,&quot;Low Quality&quot;]\" data-speed=\"50\"><\/div><\/strong><\/h1>\n<p>\t<\/div>\n  \n  [\/vc_column][\/vc_row][vc_row css=&#8221;.vc_custom_1494847597944{padding-top: -50px !important;}&#8221;][vc_column width=&#8221;1\/6&#8243;][\/vc_column][vc_column width=&#8221;1\/2&#8243;][vc_single_image image=&#8221;1806&#8243; img_size=&#8221;full&#8221; css_animation=&#8221;fadeInUp&#8221;][\/vc_column][vc_column width=&#8221;1\/3&#8243; offset=&#8221;vc_hidden-md vc_hidden-sm vc_hidden-xs&#8221;][vc_separator color=&#8221;blue&#8221; border_width=&#8221;3&#8243; el_width=&#8221;80&#8243; css=&#8221;.vc_custom_1476096630263{margin-left: -100px !important;padding-top: 300px !important;}&#8221;][\/vc_column][\/vc_row][vc_row][vc_column width=&#8221;1\/6&#8243;][\/vc_column][vc_column width=&#8221;1\/3&#8243;][vc_empty_space][vc_custom_heading text=&#8221;C\u00e1ch nh\u00ecn m\u1edbi v\u1ec1 Outsourcing&#8221; font_container=&#8221;tag:h1|font_size:60|text_align:right&#8221; use_theme_fonts=&#8221;yes&#8221; css_animation=&#8221;fadeIn&#8221; css=&#8221;.vc_custom_1520845025808{padding-bottom: 10px !important;}&#8221;][\/vc_column][vc_column width=&#8221;1\/3&#8243;][vc_column_text]Gia c\u00f4ng ph\u1ea7n m\u1ec1m offshore th\u01b0\u1eddng c\u00f3 m\u1ed9t h\u00ecnh \u1ea3nh x\u1ea5u. Trong m\u1ed9t th\u1eddi gian d\u00e0i, vi\u1ec7c outsource ph\u1ea7n m\u1ec1m th\u01b0\u1eddng \u0111i li\u1ec1n v\u1edbi chi ph\u1ea5p v\u00e0 ch\u1ea5t l\u01b0\u1ee3ng th\u1ea5p h\u01a1n nh\u1eefng ph\u1ea7n m\u1ec1m t\u1ea1i Ph\u00e1p.<\/p>\n<p>C\u00f4ng ty Athena \u0111\u01b0\u1ee3c th\u00e0nh l\u1eadp v\u1edbi mong mu\u1ed1n cung c\u1ea5p c\u00e1c s\u1ea3n ph\u1ea9m c\u00f3 ch\u1ea5t l\u01b0\u1ee3ng t\u01b0\u01a1ng \u0111\u1ed3ng nh\u01b0 \u1edf Ph\u00e1p d\u1ef1a tr\u00ean c\u00e1c gi\u00e1 tr\u1ecb chu\u1ea9n h\u00f3a:<\/p>\n<p><b>Y\u00eau c\u1ea7u cao\u00a0<\/b> : C\u00e1c d\u1ef1 \u00e1n \u0111\u01b0\u1ee3c ti\u1ebfn h\u00e0nh ch\u1eb7t ch\u1ebd v\u00e0 ch\u00ednh x\u00e1c so v\u1edbi thi\u1ebft k\u1ebf, sau \u0111\u00f3 \u0111\u01b0\u1ee3c ki\u1ec3m tra l\u1ea1i k\u0129 l\u01b0\u1ee1ng tr\u01b0\u1edbc khi b\u00e0n giao.<\/p>\n<p><strong>T\u00ednh s\u00e1ng t\u1ea1o<\/strong>: Ch\u00fang t\u00f4i cung c\u1ea5p c\u00e1c gi\u1ea3i ph\u00e1p s\u00e1ng t\u1ea1o, ti\u00ean ti\u1ebfn v\u00e0 b\u1ec1n v\u1eefng.<\/p>\n<p><strong>T\u00ednh truy\u1ec1n th\u00f4ng\u00a0<\/strong> : Ch\u00fang t\u00f4i lu\u00f4n lu\u00f4n l\u1eafng nghe mong mu\u1ed1n c\u1ee7a kh\u00e1ch h\u00e0ng, \u0111\u1ec3 \u0111\u01b0a ra \u0111\u01b0\u1ee3c c\u00e1c gi\u1ea3i ph\u00e1p t\u1ed1i \u01b0u nh\u1ea5t.[\/vc_column_text][\/vc_column][vc_column width=&#8221;1\/6&#8243;][\/vc_column][\/vc_row][vc_row css=&#8221;.vc_custom_1494847597944{padding-top: -50px !important;}&#8221;][vc_column width=&#8221;1\/3&#8243; offset=&#8221;vc_hidden-md vc_hidden-sm vc_hidden-xs&#8221;][vc_separator color=&#8221;blue&#8221; border_width=&#8221;3&#8243; el_width=&#8221;80&#8243; css=&#8221;.vc_custom_1494851422950{margin-right: -100px !important;padding-top: 300px !important;}&#8221;][\/vc_column][vc_column width=&#8221;1\/2&#8243;][vc_empty_space][vc_single_image image=&#8221;1809&#8243; img_size=&#8221;full&#8221; css_animation=&#8221;fadeInUp&#8221;][\/vc_column][vc_column width=&#8221;1\/6&#8243;][\/vc_column][\/vc_row][vc_row][vc_column width=&#8221;1\/6&#8243;][\/vc_column][vc_column width=&#8221;1\/3&#8243;][vc_column_text]Th\u1ebf gi\u1edbi website \u0111ang ph\u00e1t tri\u1ec3n ng\u00e0y c\u00e0ng m\u1ea1nh m\u1ebd \u1edf kh\u0103p n\u1edbi tr\u00ean th\u1ebf gi\u1edbi. Tr\u01b0\u1edbc khi th\u00e0nh l\u1eadp Athena, ch\u00fang t\u00f4i \u0111\u00e3 c\u00f3 c\u01a1 h\u1ed9i l\u00e0m vi\u1ec7c v\u1edbi c\u00e1c nh\u00e0 ph\u00e1t tri\u1ec3n \u1edf kh\u1eafp c\u00e1c ch\u00e2u l\u1ee5c. Ch\u00fang t\u00f4i quy\u1ebft \u0111\u1ecbnh ch\u1ecdn Vi\u1ec7t Nam v\u00ec ch\u00fang t\u1ed1i ho\u00e0n to\u00e0n tin t\u01b0\u1edfng v\u00e0 b\u1ecb thuy\u1ebft ph\u1ee5c b\u1edfi c\u00e1c d\u1ef1 \u00e1n \u0111\u01b0\u1ee3c th\u1ef1c hi\u1ec7n b\u1edfi c\u00e1c developper Vi\u1ec7t Nam.<\/p>\n<p>Ng\u00e0y nay, Th\u00e0nh ph\u1ed1 H\u1ed3 Ch\u00ed Minh \u0111\u01b0\u1ee3c xem nh\u01b0 thung l\u0169ng Silicon c\u1ee7a Ch\u00e2u \u00c1 Th\u00e1i B\u00ecnh D\u01b0\u01a1ng, c\u00f9ng v\u1edbi \u0111\u00f3 l\u00e0 tr\u00ecnh \u0111\u1ed9 n\u0103ng l\u1ef1c ng\u00e0y c\u00e0ng cao c\u0169ng l\u00e0m cho n\u01a1i \u0111\u00e2y l\u00e0 \u0111i\u1ec3m thu h\u00fat \u0111\u1ed1i v\u1edbi c\u00e1c c\u00f4ng ty start-up tr\u00ean to\u00e0n c\u1ea7u. Vi\u1ec7t Nam l\u00e0 m\u1ed9t trong 10 n\u01b0\u1edbc c\u1ea5p b\u1eb1ng k\u1ef9 s\u01b0 nhi\u1ec1u nh\u1ea5t h\u00e0ng n\u0103m. \u0110\u00e2y c\u0169ng l\u00e0 b\u01b0\u1edbc kh\u1edfi \u0111\u1ea7u c\u1ee7a s\u1ef1 b\u00f9ng n\u1ed5 ng\u00e0nh c\u00f4ng ngh\u1ec7 th\u00f4ng tin t\u1ea1i \u0111\u00e2y.[\/vc_column_text][\/vc_column][vc_column width=&#8221;1\/3&#8243;][vc_empty_space][vc_custom_heading text=&#8221;T\u1ea1i sao<br \/>\nl\u00e0 Vi\u1ec7t Nam ?&#8221; font_container=&#8221;tag:h1|font_size:60|text_align:left&#8221; use_theme_fonts=&#8221;yes&#8221; css_animation=&#8221;fadeIn&#8221; css=&#8221;.vc_custom_1520845407927{padding-bottom: 10px !important;}&#8221;][\/vc_column][vc_column width=&#8221;1\/6&#8243;][\/vc_column][\/vc_row][vc_section full_width=&#8221;stretch_row&#8221; css=&#8221;.vc_custom_1494991891262{background-image: url(https:\/\/www.weareathena.com\/wp-content\/uploads\/2017\/01\/felix-plakolb-66229-2.png?id=1807) !important;}&#8221;][vc_row thb_full_width=&#8221;true&#8221; el_class=&#8221;align-center&#8221; css=&#8221;.vc_custom_1494991674594{padding-top: 12vh !important;padding-bottom: 12vh !important;}&#8221;][vc_column el_class=&#8221;text-center&#8221; offset=&#8221;vc_col-lg-6 vc_col-md-8&#8243;][vc_column_text]<\/p>\n<h1>T\u1ef1 h\u00e0o v\u1ec1 c\u00e1c d\u1ef1 \u00e1n c\u1ee7a m\u00ecnh<\/h1>\n<p>[\/vc_column_text][vc_column_text]T\u1ea5t c\u1ea3 nh\u1eefng g\u00ec b\u1ea1n c\u1ea7n, ch\u00fang t\u00f4i c\u00f3[\/vc_column_text]\t<a class=\"btn thb-text-style  accent \" href=\"\/vi\/lien-he\/\" target=\"_blank\" role=\"button\" title=\"Li\u00ean h\u1ec7\"><span>Li\u00ean h\u1ec7<\/span><\/a>\n  \n  [\/vc_column][\/vc_row][\/vc_section][vc_row thb_full_width=&#8221;true&#8221; css=&#8221;.vc_custom_1612501368564{padding-top: 16vh !important;padding-bottom: 16vh !important;background-image: url(https:\/\/www.weareathena.com\/app\/uploads\/2021\/01\/h13_01.jpg?id=3143) !important;}&#8221; el_class=&#8221;align-center&#8221;][vc_column thb_color=&#8221;thb-light-column&#8221; el_class=&#8221;text-center&#8221; offset=&#8221;vc_col-lg-6 vc_col-md-8&#8243;][vc_column_text el_class=&#8221;text-center&#8221;]<\/p>\n<h1>H\u00e3y l\u00e0m vi\u1ec7c c\u00f9ng nhau<\/h1>\n<p>Kinh nghi\u1ec7m, k\u1ef9 n\u0103ng, s\u00e1ng t\u1ea1o, h\u00e0i h\u01b0\u1edbc l\u00e0 nh\u1eefng l\u00ed do \u0111\u1ec3 b\u1ea1n y\u00ean t\u00e2m l\u00e0m vi\u1ec7c v\u1edbi ch\u00fang t\u00f4i.[\/vc_column_text]\t<a class=\"btn thb-fill-style  white animation bottom-to-top\" href=\"\/vi\/lien-he\" target=\"_blank\" role=\"button\" title=\"Li\u00ean h\u1ec7\"><span>Li\u00ean h\u1ec7<\/span><\/a>\n  \n  [\/vc_column][\/vc_row]<\/p>\n","protected":false},"excerpt":{"rendered":"<p>[vc_row el_class=&#8221;align-center&#8221; css=&#8221;.vc_custom_1475072484539{margin-top: 100px !important;padding-top: 10vh !important;padding-bottom: 10vh !important;}&#8221;][vc_column offset=&#8221;vc_col-lg-7 vc_col-md-9&#8243; el_class=&#8221;text-center&#8221;][vc_column_text] T\u1ef0 H\u00c0O L\u00c0 H\u00c0NG VI\u1ec6T NAM [\/vc_column_text][\/vc_column][\/vc_row][vc_row css=&#8221;.vc_custom_1494847597944{padding-top: -50px !important;}&#8221;][vc_column width=&#8221;1\/6&#8243;][\/vc_column][vc_column width=&#8221;1\/2&#8243;][vc_single_image image=&#8221;1806&#8243; img_size=&#8221;full&#8221; css_animation=&#8221;fadeInUp&#8221;][\/vc_column][vc_column width=&#8221;1\/3&#8243; offset=&#8221;vc_hidden-md vc_hidden-sm vc_hidden-xs&#8221;][vc_separator color=&#8221;blue&#8221; border_width=&#8221;3&#8243; el_width=&#8221;80&#8243; css=&#8221;.vc_custom_1476096630263{margin-left: -100px !important;padding-top: 300px !important;}&#8221;][\/vc_column][\/vc_row][vc_row][vc_column width=&#8221;1\/6&#8243;][\/vc_column][vc_column width=&#8221;1\/3&#8243;][vc_empty_space][vc_custom_heading text=&#8221;C\u00e1ch nh\u00ecn m\u1edbi v\u1ec1 Outsourcing&#8221; font_container=&#8221;tag:h1|font_size:60|text_align:right&#8221; use_theme_fonts=&#8221;yes&#8221; css_animation=&#8221;fadeIn&#8221; css=&#8221;.vc_custom_1520845025808{padding-bottom: 10px !important;}&#8221;][\/vc_column][vc_column width=&#8221;1\/3&#8243;][vc_column_text]Gia c\u00f4ng ph\u1ea7n&hellip;<\/p>\n","protected":false},"author":1,"featured_media":0,"parent":0,"menu_order":0,"comment_status":"closed","ping_status":"closed","template":"","meta":[],"_links":{"self":[{"href":"https:\/\/www.weareathena.com\/vi\/wp-json\/wp\/v2\/pages\/2860"}],"collection":[{"href":"https:\/\/www.weareathena.com\/vi\/wp-json\/wp\/v2\/pages"}],"about":[{"href":"https:\/\/www.weareathena.com\/vi\/wp-json\/wp\/v2\/types\/page"}],"author":[{"embeddable":true,"href":"https:\/\/www.weareathena.com\/vi\/wp-json\/wp\/v2\/users\/1"}],"replies":[{"embeddable":true,"href":"https:\/\/www.weareathena.com\/vi\/wp-json\/wp\/v2\/comments?post=2860"}],"version-history":[{"count":20,"href":"https:\/\/www.weareathena.com\/vi\/wp-json\/wp\/v2\/pages\/2860\/revisions"}],"predecessor-version":[{"id":3300,"href":"https:\/\/www.weareathena.com\/vi\/wp-json\/wp\/v2\/pages\/2860\/revisions\/3300"}],"wp:attachment":[{"href":"https:\/\/www.weareathena.com\/vi\/wp-json\/wp\/v2\/media?parent=2860"}],"curies":[{"name":"wp","href":"https:\/\/api.w.org\/{rel}","templated":true}]}}