{"id":2849,"date":"2017-01-30T10:11:41","date_gmt":"2017-01-30T09:11:41","guid":{"rendered":"https:\/\/www.weareathena.com\/conception-de-site-internet\/"},"modified":"2021-02-26T05:06:10","modified_gmt":"2021-02-26T04:06:10","slug":"thiet-ke-website","status":"publish","type":"page","link":"https:\/\/www.weareathena.com\/vi\/thiet-ke-website\/","title":{"rendered":"Thi\u1ebft k\u1ebf website"},"content":{"rendered":"<p>[vc_section][vc_row thb_full_width=&#8221;true&#8221; css=&#8221;.vc_custom_1496833783303{margin-top: 100px !important;padding-top: 10vh !important;padding-bottom: 10vh !important;}&#8221; el_class=&#8221;align-center&#8221;][vc_column css=&#8221;.vc_custom_1495425482573{padding-right: 2% !important;padding-left: 2% !important;}&#8221;][vc_row_inner el_class=&#8221;align-center&#8221;][vc_column_inner el_class=&#8221;text-center&#8221; offset=&#8221;vc_col-lg-9 vc_col-md-11&#8243;][vc_column_text css=&#8221;.vc_custom_1496834235833{padding-right: 10% !important;padding-left: 10% !important;}&#8221;]<\/p>\n<h6 style=\"text-align: center;\">WE DESIGN<strong> BEAUTIFUL WEBSITES<\/strong><\/h6>\n<p>[\/vc_column_text]\t<div id=\"thb-autotype-18\" class=\"thb-autotype\">\n\t\t<\/p>\n<h1><strong>Thi\u1ebft k\u1ebf website<\/strong><\/h1>\n<p>\t<\/div>\n  \n  [vc_column_text el_class=&#8221;text-center&#8221;]<\/p>\n<p style=\"text-align: center;\"><span style=\"font-weight: 400;\">T\u1eeb c\u1eeda h\u00e0ng offline \u0111\u1ebfn trang web th\u01b0\u01a1ng m\u1ea1i \u0111i\u1ec7n t\u1eed, ch\u00fang t\u00f4i mang \u0111\u1ebfn cho b\u1ea1n m\u1ed9t gi\u1ea3i ph\u00e1p ph\u00f9 h\u1ee3p v\u1edbi d\u1ef1 \u00e1n k\u1ef9 thu\u1eadt s\u1ed1 c\u1ee7a b\u1ea1n.<\/span><\/p>\n<p>[\/vc_column_text][\/vc_column_inner][\/vc_row_inner][vc_empty_space][vc_row_inner css=&#8221;.vc_custom_1495448024909{padding-top: -50px !important;}&#8221;][vc_column_inner width=&#8221;1\/6&#8243;][\/vc_column_inner][vc_column_inner width=&#8221;1\/2&#8243;][vc_empty_space][vc_single_image image=&#8221;2647&#8243; img_size=&#8221;full&#8221; css_animation=&#8221;fadeInUp&#8221;][\/vc_column_inner][vc_column_inner width=&#8221;1\/3&#8243;][vc_separator color=&#8221;blue&#8221; border_width=&#8221;3&#8243; css=&#8221;.vc_custom_1495447091456{margin-left: -100px !important;padding-top: 310px !important;}&#8221;][\/vc_column_inner][\/vc_row_inner][vc_row_inner][vc_column_inner width=&#8221;1\/6&#8243;][\/vc_column_inner][vc_column_inner width=&#8221;1\/3&#8243;][vc_custom_heading text=&#8221;Xu h\u01b0\u1edbng<br \/>\nm\u1edbi&#8221; font_container=&#8221;tag:h1|font_size:50|text_align:right&#8221; use_theme_fonts=&#8221;yes&#8221; css_animation=&#8221;fadeIn&#8221;][\/vc_column_inner][vc_column_inner width=&#8221;1\/3&#8243;][vc_column_text]<\/p>\n<p style=\"text-align: left;\">V\u1edbi website b\u1ea1n c\u00f3 th\u1ec3 truy\u1ec1n \u0111\u1ea1t nh\u1eefng kh\u1ea3 n\u0103ng c\u1ee7a m\u00ecnh \u0111\u1ebfn kh\u00e1ch h\u00e0ng, thu h\u00fat kh\u00e1ch h\u00e0ng m\u1edbi, th\u00fac \u0111\u1ea9y vi\u1ec7c kinh doanh v\u00e0 gi\u1eef ch\u00e2n kh\u00e1ch h\u00e0ng.<\/p>\n<p style=\"text-align: left;\">Ch\u00fang t\u00f4i ph\u00e2n t\u00edch nhu c\u1ea7u c\u1ee7a b\u1ea1n v\u00e0 \u0111\u01b0a ra c\u00e1c gi\u1ea3i ph\u00e1p v\u1ec1 thi\u1ebft k\u1ebf website, website th\u01b0\u01a1ng m\u1ea1i \u0111i\u1ec7n t\u1eed, c\u00e1c \u1ee9ng d\u1ee5ng di \u0111\u1ed9ng ph\u00f9 h\u1ee3p nh\u1ea5t v\u1edbi m\u1ee5c ti\u00eau c\u1ee7a b\u1ea1n.<\/p>\n<p>[\/vc_column_text][\/vc_column_inner][vc_column_inner width=&#8221;1\/6&#8243;][\/vc_column_inner][\/vc_row_inner][vc_row_inner][vc_column_inner width=&#8221;1\/3&#8243;][vc_separator color=&#8221;blue&#8221; border_width=&#8221;3&#8243; css=&#8221;.vc_custom_1495447034252{margin-right: -100px !important;padding-top: 300px !important;}&#8221;][\/vc_column_inner][vc_column_inner width=&#8221;1\/2&#8243;][vc_empty_space][vc_single_image image=&#8221;2651&#8243; img_size=&#8221;full&#8221; css_animation=&#8221;fadeInUp&#8221;][\/vc_column_inner][vc_column_inner width=&#8221;1\/6&#8243;][\/vc_column_inner][\/vc_row_inner][vc_row_inner][vc_column_inner width=&#8221;1\/6&#8243;][\/vc_column_inner][vc_column_inner width=&#8221;1\/3&#8243;][vc_column_text]<\/p>\n<p style=\"text-align: left;\">Website \u0111\u01b0\u1ee3c thi\u1ebft k\u1ebf t\u00f9y thu\u1ed9c v\u00e0o c\u00e1c th\u00f4ng \u0111i\u1ec7p m\u00e0 b\u1ea1n mu\u1ed1n truy\u1ec1n t\u1ea3i, l\u0129nh v\u1ef1c m\u00e0 c\u00f4ng ty b\u1ea1n ho\u1ea1t \u0111\u1ed9ng, s\u1ea3n ph\u1ea9m d\u1ecbch v\u1ee5\u00a0 v\u00e0 \u0111\u1ed9 ph\u1ee9c t\u1ea1p c\u1ee7a c\u00e1c ch\u1ee9c n\u0103ng m\u00e0 b\u1ea1n mong mu\u1ed1n<\/p>\n<p style=\"text-align: left;\">V\u00ec ch\u00fang t\u00f4i ho\u00e0n to\u00e0n hi\u1ec3u r\u00f5 c\u00e1c v\u1ea5n \u0111\u1ec1 li\u00ean quan \u0111\u1ebfn t\u1eebng lo\u1ea1i trang web m\u00e0 ch\u00fang t\u00f4i c\u00f3 th\u1ec3 cung c\u1ea5p cho b\u1ea1n c\u00e1c gi\u1ea3i ph\u00e1p th\u00edch h\u1ee3p nh\u1ea5t.<\/p>\n<p>[\/vc_column_text][\/vc_column_inner][vc_column_inner width=&#8221;1\/3&#8243;][vc_custom_heading text=&#8221;Website c\u1ee7a<br \/>\nRi\u00eang b\u1ea1n&#8221; font_container=&#8221;tag:h1|font_size:50|text_align:left&#8221; use_theme_fonts=&#8221;yes&#8221; css_animation=&#8221;fadeIn&#8221;][\/vc_column_inner][vc_column_inner width=&#8221;1\/6&#8243;][\/vc_column_inner][\/vc_row_inner][vc_empty_space][vc_column_text]<\/p>\n<h1 style=\"text-align: center;\">H\u00e3y \u0111\u1ebfn v\u1edbi ch\u00fang t\u00f4i !<\/h1>\n<p>[\/vc_column_text][vc_empty_space][vc_row_inner el_class=&#8221;align-center&#8221; css=&#8221;.vc_custom_1500609429821{margin-top: 70px !important;}&#8221;][vc_column_inner el_class=&#8221;text-center&#8221; width=&#8221;1\/3&#8243; animation=&#8221;animation top-to-bottom&#8221; css=&#8221;.vc_custom_1498797809387{margin-top: 50px !important;margin-left: 50px !important;padding-top: 30px !important;padding-right: 30px !important;padding-bottom: 30px !important;padding-left: 30px !important;background-color: #3a88c1 !important;}&#8221;]<div class=\"ult-just-icon-wrapper  \"><div class=\"align-icon\" style=\"text-align:center;\">\n<div class=\"aio-icon-img \" style=\"font-size:100px;display:inline-block;\" >\n\t<img class=\"img-icon\" alt=\"null\" src=\"https:\/\/www.weareathena.com\/app\/uploads\/2017\/01\/001-science.png\"\/>\n<\/div><\/div><\/div>[vc_empty_space][vc_column_text]<\/p>\n<p style=\"text-align: left;\"><span style=\"color: #ffffff;\">Ch\u00fang t\u1ed1i thi\u1ebft k\u1ebf v\u00e0 x\u00e2y d\u1ef1ng c\u00e1c website th\u00e2n thi\u1ec7n v\u1edbi ng\u01b0\u1eddi d\u00f9ng, thi\u1ebft k\u1ebf \u0111\u1eb9p m\u1eaft, t\u01b0\u01a1ng th\u00edch v\u1edbi c\u00e1c n\u1ec1n t\u1ea3ng di \u0111\u1ed9ng v\u00e0 smart-phones<\/span><\/p>\n<p>[\/vc_column_text][\/vc_column_inner][vc_column_inner width=&#8221;1\/3&#8243; css=&#8221;.vc_custom_1498797820724{padding-top: 30px !important;padding-right: 30px !important;padding-bottom: 30px !important;padding-left: 30px !important;background-color: #197bc1 !important;}&#8221;]<div class=\"ult-just-icon-wrapper  \"><div class=\"align-icon\" style=\"text-align:center;\">\n<div class=\"aio-icon-img \" style=\"font-size:100px;display:inline-block;\" >\n\t<img class=\"img-icon\" alt=\"null\" src=\"https:\/\/www.weareathena.com\/app\/uploads\/2017\/01\/003-people.png\"\/>\n<\/div><\/div><\/div>[vc_empty_space][vc_column_text css=&#8221;.vc_custom_1522999358328{padding-right: 30px !important;padding-left: 30px !important;}&#8221;]<\/p>\n<p style=\"text-align: left;\"><span style=\"color: #ffffff;\">\u0110\u1ed9i ng\u0169 chuy\u00ean nghi\u1ec7p c\u00f9ng v\u1edbi s\u1ef1 am hi\u1ec3u s\u00e2u r\u1ed9ng v\u1ec1 k\u0129 thu\u1eadt:Responsive Design, CMS (WordPress,Drupal), E-commerce v\u00e0 c\u00e1c gi\u1ea3i ph\u00e1p x\u00e2y d\u1ef1ng tr\u00ean n\u00e0n t\u1ea3ng PHP (Zend, Sf2).<\/span><\/p>\n<p>[\/vc_column_text][\/vc_column_inner][vc_column_inner width=&#8221;1\/3&#8243; css=&#8221;.vc_custom_1498797828218{margin-top: -50px !important;margin-left: -50px !important;padding-top: 30px !important;padding-right: 30px !important;padding-bottom: 30px !important;padding-left: 30px !important;background-color: #0171c1 !important;}&#8221;]<div class=\"ult-just-icon-wrapper  \"><div class=\"align-icon\" style=\"text-align:center;\">\n<div class=\"aio-icon-img \" style=\"font-size:100px;display:inline-block;\" >\n\t<img class=\"img-icon\" alt=\"null\" src=\"https:\/\/www.weareathena.com\/app\/uploads\/2017\/01\/002-symbols.png\"\/>\n<\/div><\/div><\/div>[vc_empty_space][vc_column_text]<\/p>\n<p style=\"text-align: left;\"><span style=\"color: #ffffff;\">Ch\u00fang t\u00f4i s\u1ebd c\u00f9ng \u0111\u1ed3ng h\u00e0nh v\u1edbi kh\u00e1ch h\u00e0ng \u0111\u1ebfn khi b\u1ea1n c\u00f3 th\u1ec3 t\u1ef1 l\u00e0m ch\u1ee7 website c\u1ee7a m\u00ecnh<\/span><\/p>\n<p>[\/vc_column_text][\/vc_column_inner][\/vc_row_inner][vc_empty_space][\/vc_column][\/vc_row][\/vc_section][vc_section full_width=&#8221;stretch_row&#8221; css=&#8221;.vc_custom_1494991891262{background-image: url(http:\/\/msotter.athena.weareathena_v2.picathena.com\/wp-content\/uploads\/2017\/01\/felix-plakolb-66229-2.png?id=1807) !important;}&#8221;][vc_row thb_full_width=&#8221;true&#8221; el_class=&#8221;align-center&#8221; css=&#8221;.vc_custom_1500609480553{padding-bottom: 12vh !important;}&#8221;][vc_column el_class=&#8221;text-center&#8221; offset=&#8221;vc_col-lg-6 vc_col-md-8&#8243;][vc_column_text]<\/p>\n<h1>T\u1ef1 h\u00e0o v\u1ec1 d\u1ef1 \u00e1n c\u1ee7a m\u00ecnh<\/h1>\n<p>[\/vc_column_text][vc_column_text]T\u1ea5t c\u1ea3 nh\u1eefng g\u00ec b\u1ea1n c\u1ea7n, ch\u00fang t\u00f4i c\u00f3[\/vc_column_text]\t<a class=\"btn thb-text-style  accent \" href=\"\/vi\/lien-he\/\" target=\"_blank\" role=\"button\" title=\"Li\u00ean h\u1ec7\"><span>Li\u00ean h\u1ec7<\/span><\/a>\n  \n  [\/vc_column][\/vc_row][\/vc_section][vc_row thb_full_width=&#8221;true&#8221; css=&#8221;.vc_custom_1614312364268{padding-top: 16vh !important;padding-bottom: 16vh !important;background-image: url(https:\/\/www.weareathena.com\/app\/uploads\/2021\/01\/h13_01.jpg?id=3143) !important;}&#8221; el_class=&#8221;align-center&#8221;][vc_column thb_color=&#8221;thb-light-column&#8221; el_class=&#8221;text-center&#8221; offset=&#8221;vc_col-lg-6 vc_col-md-8&#8243;][vc_column_text el_class=&#8221;text-center&#8221;]<\/p>\n<h1>H\u00e3y l\u00e0m vi\u1ec7c c\u00f9ng nhau<\/h1>\n<p>Kinh nghi\u1ec7m, k\u0129 n\u0103ng, s\u00e1ng t\u1ea1o, h\u00e0i h\u01b0\u1edbc v\u00e0 \u0111o\u00e0n k\u1ebft[\/vc_column_text]\t<a class=\"btn thb-text-style  white \" href=\"\/vi\/lien-he\/\" target=\"_blank\" role=\"button\" title=\"Li\u00ean h\u1ec7\"><span>Li\u00ean h\u1ec7<\/span><\/a>\n  \n  [\/vc_column][\/vc_row]<\/p>\n","protected":false},"excerpt":{"rendered":"<p>[vc_section][vc_row thb_full_width=&#8221;true&#8221; css=&#8221;.vc_custom_1496833783303{margin-top: 100px !important;padding-top: 10vh !important;padding-bottom: 10vh !important;}&#8221; el_class=&#8221;align-center&#8221;][vc_column css=&#8221;.vc_custom_1495425482573{padding-right: 2% !important;padding-left: 2% !important;}&#8221;][vc_row_inner el_class=&#8221;align-center&#8221;][vc_column_inner el_class=&#8221;text-center&#8221; offset=&#8221;vc_col-lg-9 vc_col-md-11&#8243;][vc_column_text css=&#8221;.vc_custom_1496834235833{padding-right: 10% !important;padding-left: 10% !important;}&#8221;] WE DESIGN BEAUTIFUL WEBSITES [\/vc_column_text][vc_column_text el_class=&#8221;text-center&#8221;] T\u1eeb c\u1eeda h\u00e0ng offline \u0111\u1ebfn trang web th\u01b0\u01a1ng m\u1ea1i \u0111i\u1ec7n t\u1eed, ch\u00fang t\u00f4i mang \u0111\u1ebfn cho b\u1ea1n m\u1ed9t gi\u1ea3i ph\u00e1p ph\u00f9 h\u1ee3p v\u1edbi d\u1ef1 \u00e1n&hellip;<\/p>\n","protected":false},"author":1,"featured_media":0,"parent":0,"menu_order":0,"comment_status":"closed","ping_status":"closed","template":"","meta":[],"_links":{"self":[{"href":"https:\/\/www.weareathena.com\/vi\/wp-json\/wp\/v2\/pages\/2849"}],"collection":[{"href":"https:\/\/www.weareathena.com\/vi\/wp-json\/wp\/v2\/pages"}],"about":[{"href":"https:\/\/www.weareathena.com\/vi\/wp-json\/wp\/v2\/types\/page"}],"author":[{"embeddable":true,"href":"https:\/\/www.weareathena.com\/vi\/wp-json\/wp\/v2\/users\/1"}],"replies":[{"embeddable":true,"href":"https:\/\/www.weareathena.com\/vi\/wp-json\/wp\/v2\/comments?post=2849"}],"version-history":[{"count":15,"href":"https:\/\/www.weareathena.com\/vi\/wp-json\/wp\/v2\/pages\/2849\/revisions"}],"predecessor-version":[{"id":3283,"href":"https:\/\/www.weareathena.com\/vi\/wp-json\/wp\/v2\/pages\/2849\/revisions\/3283"}],"wp:attachment":[{"href":"https:\/\/www.weareathena.com\/vi\/wp-json\/wp\/v2\/media?parent=2849"}],"curies":[{"name":"wp","href":"https:\/\/api.w.org\/{rel}","templated":true}]}}