{"id":2836,"date":"2017-01-30T11:08:51","date_gmt":"2017-01-30T10:08:51","guid":{"rendered":"https:\/\/www.weareathena.com\/home-agency-simple\/"},"modified":"2021-05-14T07:30:43","modified_gmt":"2021-05-14T05:30:43","slug":"home-agency-simple","status":"publish","type":"page","link":"https:\/\/www.weareathena.com\/vi\/","title":{"rendered":"Trang ch\u1ee7"},"content":{"rendered":"<p>[vc_row thb_full_width=&#8221;true&#8221; full_height=&#8221;yes&#8221; thb_scroll_bottom=&#8221;true&#8221; el_class=&#8221;align-center&#8221; css=&#8221;.vc_custom_1485852006489{background-color: rgba(255,255,255,0.9) !important;*background-color: rgb(255,255,255) !important;}&#8221; thb_video_bg=&#8221;http:\/\/mazwai.com\/system\/posts\/videos\/000\/000\/037\/original\/Black_Ink_&#8211;FREE_FOOTAGE&#8211;HD.mp4?1402249298&#8243;][vc_column offset=&#8221;vc_col-lg-7 vc_col-md-9&#8243; el_class=&#8221;text-center&#8221;][vc_column_text]<img loading=\"lazy\" class=\"aligncenter wp-image-676\" src=\"https:\/\/www.weareathena.com\/app\/uploads\/2017\/01\/LOGO_ATHENA_COULEUR-sans-texte-1024x659.png\" width=\"400\" height=\"257\" srcset=\"https:\/\/www.weareathena.com\/app\/uploads\/2017\/01\/LOGO_ATHENA_COULEUR-sans-texte-1024x659.png 1024w, https:\/\/www.weareathena.com\/app\/uploads\/2017\/01\/LOGO_ATHENA_COULEUR-sans-texte-768x494.png 768w, https:\/\/www.weareathena.com\/app\/uploads\/2017\/01\/LOGO_ATHENA_COULEUR-sans-texte-600x386.png 600w, https:\/\/www.weareathena.com\/app\/uploads\/2017\/01\/LOGO_ATHENA_COULEUR-sans-texte.png 1920w\" sizes=\"(max-width: 400px) 100vw, 400px\" \/>[\/vc_column_text]\t<div id=\"thb-autotype-22\" class=\"thb-autotype\">\n\t\t<\/p>\n<h1><strong>Ch\u00fang t\u00f4i thi\u1ebft k\u1ebf c\u00e1c gi\u1ea3i ph\u00e1p k\u1ef9 thu\u1eadt s\u1ed1 ti\u00ean ti\u1ebfn<br \/>\n<div class=\"thb-autotype-entry\" data-thb-loop=\"1\" data-strings=\"[&quot;ph\\u00f9 h\\u1ee3p&quot;,&quot;t\\u1ed1c \\u0111\\u1ed9&quot;,&quot;phong c\\u00e1ch&quot;,&quot;&quot;]\" data-speed=\"30\"><\/div><\/strong><\/h1>\n<p>\t<\/div>\n  \n  [\/vc_column][\/vc_row][vc_row thb_full_width=&#8221;true&#8221; css=&#8221;.vc_custom_1485774903315{padding-top: 16vh !important;padding-bottom: 16vh !important;background: #25282a url(https:\/\/werkstatt.fuelthemes.net\/werkstatt-agency-simple\/wp-content\/uploads\/sites\/3\/2016\/09\/h13_01.jpg?id=284) !important;background-position: center !important;background-repeat: no-repeat !important;background-size: cover !important;}&#8221; el_class=&#8221;align-center&#8221;][vc_column thb_color=&#8221;thb-light-column&#8221; el_class=&#8221;text-center&#8221; offset=&#8221;vc_col-lg-6 vc_col-md-8&#8243;][vc_column_text animation=&#8221;animation bottom-to-top&#8221;]<\/p>\n<h1>T\u1ef1 h\u00e0o v\u1ec1 nh\u1eefng d\u1ef1 \u00e1n c\u1ee7a m\u00ecnh.<\/h1>\n<p>T\u1ea5t c\u1ea3 nh\u1eefng g\u00ec b\u1ea1n c\u1ea7n, ch\u00fang t\u00f4i c\u00f3.[\/vc_column_text]\t<a class=\"btn thb-fill-style  white animation bottom-to-top\" href=\"\/vi\/lien-he\/\" target=\"\" role=\"button\" title=\"Li\u00ean h\u1ec7\"><span>Li\u00ean h\u1ec7<\/span><\/a>\n  \n  [\/vc_column][\/vc_row][vc_row thb_full_width=&#8221;true&#8221; css=&#8221;.vc_custom_1479405652543{padding-top: 12vh !important;padding-bottom: 12vh !important;background-color: #f0f2f6 !important;}&#8221; el_class=&#8221;align-center&#8221;][vc_column offset=&#8221;vc_col-lg-9 vc_col-md-11&#8243; css=&#8221;.vc_custom_1479409054885{padding-right: 2% !important;padding-left: 2% !important;}&#8221;][vc_row_inner thb_max_width=&#8221;max_width&#8221; el_class=&#8221;align-center&#8221;][vc_column_inner offset=&#8221;vc_col-lg-9 vc_col-md-11&#8243;][vc_column_text animation=&#8221;animation bottom-to-top&#8221; css=&#8221;.vc_custom_1620969376799{padding-right: 10% !important;padding-left: 10% !important;}&#8221;]<\/p>\n<h6 style=\"text-align: center;\"><\/h6>\n<p>[\/vc_column_text][vc_column_text animation=&#8221;animation fade-in&#8221; el_class=&#8221;text-center&#8221; css=&#8221;.vc_custom_1620970183606{padding-right: 3% !important;padding-left: 3% !important;}&#8221;]<\/p>\n<h1 class=\"h1\"><span style=\"color: #292c2e;\">Athena, c\u00f4ng ty offshore Pixel Perfect, \u0111i c\u00f9ng b\u1ea1n trong t\u1ea5t c\u1ea3 c\u00e1c d\u1ef1 \u00e1n k\u1ef9 thu\u1eadt s\u1ed1 c\u1ee7a b\u1ea1n.<\/span><\/h1>\n<p>[\/vc_column_text][vc_column_text animation=&#8221;animation fade-in&#8221; el_class=&#8221;text-center&#8221;]<span style=\"color: #545759;\"> Ch\u00fang t\u00f4i chuy\u00ean v\u1ec1 l\u0129nh v\u01b0c thi\u1ebft k\u1ebf v\u00e0 x\u00e2y d\u1ef1ng website t\u1ea1i Th\u00e0nh ph\u1ed1 H\u1ed3 Ch\u00ed Minh. V\u1edbi \u0111\u1ed9i ng\u0169 g\u1ed3m nh\u1eefng chuy\u00ean gia l\u1eadp tr\u00ecnh c\u00f3 n\u0103ng l\u1ef1c v\u00e0 ki\u1ebfn th\u1ee9c chuy\u00ean s\u00e2u, ch\u00fang t\u00f4i cam k\u1ebft mang l\u1ea1i d\u1ecbch v\u1ee5 to\u00e0n di\u1ec7n v\u1edbi ch\u1ea5t l\u01b0\u1ee3ng v\u00e0 chi ph\u00ed ph\u00f9 h\u1ee3p v\u1edbi m\u1ecdi nhu c\u1ea7u c\u1ee7a kh\u00e1ch h\u00e0ng.<\/span>[\/vc_column_text][vc_empty_space height=&#8221;30px&#8221;][\/vc_column_inner][\/vc_row_inner][vc_row_inner][vc_column_inner width=&#8221;1\/3&#8243; css=&#8221;.vc_custom_1496749248607{margin-bottom: 30px !important;border-bottom-width: 30px !important;padding-bottom: 30px !important;}&#8221;]\t<a id=\"thb-iconbox-43\" class=\"has-link thb-iconbox top type3\" href=\"http:\/\/weareathena.com\/vi\/conception-de-site-internet\/\" target=\"\">\n\t\t\t\t<span class=\"thb-iconbox-bg\" style=\"background-image:url()\"><\/span>\n\t\t\t\t<figure>\n\t\t\t<svg xmlns=\"http:\/\/www.w3.org\/2000\/svg\" viewBox=\"0 0 64 64\" enable-background=\"new 0 0 64 64\"><g fill=\"none\" stroke=\"#000\" stroke-width=\"2\" stroke-miterlimit=\"10\"><path d=\"m1 7h62v50h-62z\"\/><path d=\"m1 15h62\"\/><path d=\"m10 11h-4\"\/><path d=\"m18 11h-4\"\/><path d=\"m26 11h-4\"\/><\/g><\/svg>\t\t<\/figure>\n\t\t<div class=\"iconbox-content\">\n\t\t\t<h5>Thi\u1ebft k\u1ebf Website<\/h5>\t\t\t<p>T\u1eeb c\u00e1c c\u00f4ng ty l\u1edbn \u0111\u1ebfn v\u1eeba v\u00e0 nh\u1ecf, ng\u00e0y nay website \u0111\u00e3 tr\u1edf th\u00e0nh m\u1ed9t nh\u00e2n t\u1ed1 c\u1ed1t y\u1ebfu trong chi\u1ebfn l\u01b0\u1ee3c truy\u1ec1n th\u00f4ng c\u1ee7a c\u00f4ng ty.<\/p>\n\t\t<\/div>\n\t<\/a>\n\t[\/vc_column_inner][vc_column_inner width=&#8221;1\/3&#8243;]\t<a id=\"thb-iconbox-60\" class=\"has-link thb-iconbox top type3\" href=\"http:\/\/weareathena.com\/vi\/conception-de-site-internet\/\" target=\"\">\n\t\t\t\t<span class=\"thb-iconbox-bg\" style=\"background-image:url()\"><\/span>\n\t\t\t\t<figure>\n\t\t\t<svg xmlns=\"http:\/\/www.w3.org\/2000\/svg\" viewBox=\"0 0 64 64\" enable-background=\"new 0 0 64 64\"><g fill=\"none\" stroke=\"#000\" stroke-width=\"2\" stroke-miterlimit=\"10\"><circle cx=\"20\" cy=\"57\" r=\"6\"\/><circle cx=\"44\" cy=\"57\" r=\"6\"\/><path d=\"m26 57h12\"\/><path d=\"M14 57 10 2 0 2\"\/><path d=\"m13 43l43-3 7-30h-52\"\/><path d=\"m20 10l2-6h10l2 6\"\/><path d=\"m32 4l5-3h16l3 9\"\/><\/g><\/svg>\t\t<\/figure>\n\t\t<div class=\"iconbox-content\">\n\t\t\t<h5>C\u00e1c platform th\u01b0\u01a1ng m\u1ea1i \u0111i\u1ec7n t\u1eed<\/h5>\t\t\t<p>Khi ho\u1ea1t \u0111\u1ed9ng kinh doanh c\u1ee7a b\u1ea1n \u0111\u01b0\u1ee3c ti\u1ebfn h\u00e0nh tr\u00ean website, vi\u1ec7c c\u00f3 \u0111\u01b0\u1ee3c m\u1ed9t chuy\u00ean gia am hi\u1ec3u trong l\u0129nh v\u1ef1c l\u00e0 \u0111i\u1ec1u c\u1ed1t y\u1ebfu. H\u00e3y \u0111\u1ebfn v\u00e0 c\u1ea3m nh\u1eadn s\u1ef1 chuy\u00ean nghi\u1ec7p c\u1ee7a ch\u00fang t\u00f4i!<\/p>\n\t\t<\/div>\n\t<\/a>\n\t[\/vc_column_inner][vc_column_inner width=&#8221;1\/3&#8243;]\t<a id=\"thb-iconbox-93\" class=\"has-link thb-iconbox top type3\" href=\"http:\/\/weareathena.com\/vi\/prestataire-technique\/\" target=\"\">\n\t\t\t\t<span class=\"thb-iconbox-bg\" style=\"background-image:url()\"><\/span>\n\t\t\t\t<figure>\n\t\t\t<svg xmlns=\"http:\/\/www.w3.org\/2000\/svg\" viewBox=\"0 0 64 64\" enable-background=\"new 0 0 64 64\"><g fill=\"none\" stroke=\"#000\" stroke-width=\"2\" stroke-miterlimit=\"10\"><path d=\"m32 1h-6v9l-6 2-6-6-8 8 6 6-2 6h-9v12h9l2 6-6 6 8 8 6-6 6 2v9h6 6v-9l6-2 6 6 8-8-6-6 2-6h9v-12h-9l-2-6 6-6-8-8-6 6-6-2v-9z\"\/><circle cx=\"32\" cy=\"32\" r=\"6\"\/><\/g><\/svg>\t\t<\/figure>\n\t\t<div class=\"iconbox-content\">\n\t\t\t<h5>Sur Mesure<\/h5>\t\t\t<p>Ch\u00fang t\u00f4i l\u00e0 nh\u1eefng chuy\u00ean gia c\u00f4ng ngh\u1ec7 v\u1edbi tr\u00ecnh \u0111\u1ed9 chuy\u00ean m\u00f4n cao c\u00f9ng kinh nghi\u1ec7m d\u00e0y d\u1eb7n. H\u00e3y tin t\u01b0\u1edfng v\u00e0o ch\u00fang t\u00f4i!<\/p>\n\t\t<\/div>\n\t<\/a>\n\t[\/vc_column_inner][\/vc_row_inner][vc_empty_space height=&#8221;40px&#8221;][vc_row_inner][vc_column_inner el_class=&#8221;text-center&#8221;]\t<a class=\"btn thb-text-style  accent \" href=\"http:\/\/weareathena.com\/vi\/services\/\" target=\"\" role=\"button\" title=\"T\u00ecm hi\u1ec3u c\u00e1c d\u1ecbch v\u1ee5 c\u1ee7a ch\u00fang t\u00f4i\"><span>T\u00ecm hi\u1ec3u c\u00e1c d\u1ecbch v\u1ee5 c\u1ee7a ch\u00fang t\u00f4i<\/span><\/a>\n  \n  [\/vc_column_inner][\/vc_row_inner][\/vc_column][\/vc_row]<\/p>\n","protected":false},"excerpt":{"rendered":"<p>[vc_row thb_full_width=&#8221;true&#8221; full_height=&#8221;yes&#8221; thb_scroll_bottom=&#8221;true&#8221; el_class=&#8221;align-center&#8221; css=&#8221;.vc_custom_1485852006489{background-color: rgba(255,255,255,0.9) !important;*background-color: rgb(255,255,255) !important;}&#8221; thb_video_bg=&#8221;http:\/\/mazwai.com\/system\/posts\/videos\/000\/000\/037\/original\/Black_Ink_&#8211;FREE_FOOTAGE&#8211;HD.mp4?1402249298&#8243;][vc_column offset=&#8221;vc_col-lg-7 vc_col-md-9&#8243; el_class=&#8221;text-center&#8221;][vc_column_text][\/vc_column_text][\/vc_column][\/vc_row][vc_row thb_full_width=&#8221;true&#8221; css=&#8221;.vc_custom_1485774903315{padding-top: 16vh !important;padding-bottom: 16vh !important;background: #25282a url(https:\/\/werkstatt.fuelthemes.net\/werkstatt-agency-simple\/wp-content\/uploads\/sites\/3\/2016\/09\/h13_01.jpg?id=284) !important;background-position: center !important;background-repeat: no-repeat !important;background-size: cover !important;}&#8221; el_class=&#8221;align-center&#8221;][vc_column thb_color=&#8221;thb-light-column&#8221; el_class=&#8221;text-center&#8221; offset=&#8221;vc_col-lg-6 vc_col-md-8&#8243;][vc_column_text animation=&#8221;animation bottom-to-top&#8221;] T\u1ef1 h\u00e0o v\u1ec1 nh\u1eefng d\u1ef1 \u00e1n c\u1ee7a m\u00ecnh. T\u1ea5t c\u1ea3 nh\u1eefng g\u00ec b\u1ea1n c\u1ea7n, ch\u00fang t\u00f4i c\u00f3.[\/vc_column_text][\/vc_column][\/vc_row][vc_row thb_full_width=&#8221;true&#8221; css=&#8221;.vc_custom_1479405652543{padding-top:&hellip;<\/p>\n","protected":false},"author":1,"featured_media":0,"parent":0,"menu_order":0,"comment_status":"closed","ping_status":"closed","template":"","meta":[],"_links":{"self":[{"href":"https:\/\/www.weareathena.com\/vi\/wp-json\/wp\/v2\/pages\/2836"}],"collection":[{"href":"https:\/\/www.weareathena.com\/vi\/wp-json\/wp\/v2\/pages"}],"about":[{"href":"https:\/\/www.weareathena.com\/vi\/wp-json\/wp\/v2\/types\/page"}],"author":[{"embeddable":true,"href":"https:\/\/www.weareathena.com\/vi\/wp-json\/wp\/v2\/users\/1"}],"replies":[{"embeddable":true,"href":"https:\/\/www.weareathena.com\/vi\/wp-json\/wp\/v2\/comments?post=2836"}],"version-history":[{"count":25,"href":"https:\/\/www.weareathena.com\/vi\/wp-json\/wp\/v2\/pages\/2836\/revisions"}],"predecessor-version":[{"id":3302,"href":"https:\/\/www.weareathena.com\/vi\/wp-json\/wp\/v2\/pages\/2836\/revisions\/3302"}],"wp:attachment":[{"href":"https:\/\/www.weareathena.com\/vi\/wp-json\/wp\/v2\/media?parent=2836"}],"curies":[{"name":"wp","href":"https:\/\/api.w.org\/{rel}","templated":true}]}}